{"id":882,"date":"2024-09-19T09:30:13","date_gmt":"2024-09-19T06:30:13","guid":{"rendered":"https:\/\/tittalino.ee\/?page_id=882"},"modified":"2025-11-25T22:35:33","modified_gmt":"2025-11-25T19:35:33","slug":"oppetegevus","status":"publish","type":"page","link":"https:\/\/tittalino.ee\/ru\/oppetegevus\/","title":{"rendered":"\u041e\u0431\u0443\u0447\u0430\u044e\u0449\u0438\u0435 \u0437\u0430\u043d\u044f\u0442\u0438\u044f"},"content":{"rendered":"<div data-elementor-type=\"wp-page\" data-elementor-id=\"882\" class=\"elementor elementor-882\">\n\t\t\t\t<div class=\"elementor-element elementor-element-5fbe486 e-con-full e-flex e-con e-parent\" data-id=\"5fbe486\" data-element_type=\"container\" data-settings=\"{&quot;content_width&quot;:&quot;full&quot;}\" data-core-v316-plus=\"true\">\n\t\t<div class=\"elementor-element elementor-element-abf6922 e-con-full e-flex e-con e-child\" data-id=\"abf6922\" data-element_type=\"container\" data-settings=\"{&quot;content_width&quot;:&quot;full&quot;}\">\n\t\t<div class=\"elementor-element elementor-element-d4e38c2 e-con-full e-flex e-con e-child\" data-id=\"d4e38c2\" data-element_type=\"container\" data-settings=\"{&quot;content_width&quot;:&quot;full&quot;}\">\n\t\t\t\t<div class=\"elementor-element elementor-element-1390e44 elementor-widget elementor-widget-heading\" data-id=\"1390e44\" data-element_type=\"widget\" data-widget_type=\"heading.default\">\n\t\t\t\t<div class=\"elementor-widget-container\">\n\t\t\t<style>\/*! elementor - v3.19.0 - 07-02-2024 *\/\n.elementor-heading-title{padding:0;margin:0;line-height:1}.elementor-widget-heading .elementor-heading-title[class*=elementor-size-]>a{color:inherit;font-size:inherit;line-height:inherit}.elementor-widget-heading .elementor-heading-title.elementor-size-small{font-size:15px}.elementor-widget-heading .elementor-heading-title.elementor-size-medium{font-size:19px}.elementor-widget-heading .elementor-heading-title.elementor-size-large{font-size:29px}.elementor-widget-heading .elementor-heading-title.elementor-size-xl{font-size:39px}.elementor-widget-heading .elementor-heading-title.elementor-size-xxl{font-size:59px}<\/style><h1 class=\"elementor-heading-title elementor-size-default\">\u041e\u0431\u0443\u0447\u0430\u044e\u0449\u0438\u0435 \u0437\u0430\u043d\u044f\u0442\u0438\u044f<\/h1>\t\t<\/div>\n\t\t\t\t<\/div>\n\t\t\t\t<div class=\"elementor-element elementor-element-223cabc elementor-widget elementor-widget-spacer\" data-id=\"223cabc\" data-element_type=\"widget\" data-widget_type=\"spacer.default\">\n\t\t\t\t<div class=\"elementor-widget-container\">\n\t\t\t<style>\/*! elementor - v3.19.0 - 07-02-2024 *\/\n.elementor-column .elementor-spacer-inner{height:var(--spacer-size)}.e-con{--container-widget-width:100%}.e-con-inner>.elementor-widget-spacer,.e-con>.elementor-widget-spacer{width:var(--container-widget-width,var(--spacer-size));--align-self:var(--container-widget-align-self,initial);--flex-shrink:0}.e-con-inner>.elementor-widget-spacer>.elementor-widget-container,.e-con>.elementor-widget-spacer>.elementor-widget-container{height:100%;width:100%}.e-con-inner>.elementor-widget-spacer>.elementor-widget-container>.elementor-spacer,.e-con>.elementor-widget-spacer>.elementor-widget-container>.elementor-spacer{height:100%}.e-con-inner>.elementor-widget-spacer>.elementor-widget-container>.elementor-spacer>.elementor-spacer-inner,.e-con>.elementor-widget-spacer>.elementor-widget-container>.elementor-spacer>.elementor-spacer-inner{height:var(--container-widget-height,var(--spacer-size))}.e-con-inner>.elementor-widget-spacer.elementor-widget-empty,.e-con>.elementor-widget-spacer.elementor-widget-empty{position:relative;min-height:22px;min-width:22px}.e-con-inner>.elementor-widget-spacer.elementor-widget-empty .elementor-widget-empty-icon,.e-con>.elementor-widget-spacer.elementor-widget-empty .elementor-widget-empty-icon{position:absolute;top:0;bottom:0;left:0;right:0;margin:auto;padding:0;width:22px;height:22px}<\/style>\t\t<div class=\"elementor-spacer\">\n\t\t\t<div class=\"elementor-spacer-inner\"><\/div>\n\t\t<\/div>\n\t\t\t\t<\/div>\n\t\t\t\t<\/div>\n\t\t\t\t<div class=\"elementor-element elementor-element-e49ab1f elementor-widget elementor-widget-heading\" data-id=\"e49ab1f\" data-element_type=\"widget\" data-widget_type=\"heading.default\">\n\t\t\t\t<div class=\"elementor-widget-container\">\n\t\t\t<h2 class=\"elementor-heading-title elementor-size-default\">\u041a\u0443\u0440\u0441 \u043e\u0431\u0443\u0447\u0435\u043d\u0438\u044f \u0447\u0442\u0435\u043d\u0438\u044e (\u043d\u0430 \u0440\u0443\u0441\u0441\u043a\u043e\u043c \u044f\u0437\u044b\u043a\u0435)<\/h2>\t\t<\/div>\n\t\t\t\t<\/div>\n\t\t\t\t<div class=\"elementor-element elementor-element-27b0a1a elementor-widget__width-initial elementor-widget elementor-widget-text-editor\" data-id=\"27b0a1a\" data-element_type=\"widget\" data-widget_type=\"text-editor.default\">\n\t\t\t\t<div class=\"elementor-widget-container\">\n\t\t\t<style>\/*! elementor - v3.19.0 - 07-02-2024 *\/\n.elementor-widget-text-editor.elementor-drop-cap-view-stacked .elementor-drop-cap{background-color:#69727d;color:#fff}.elementor-widget-text-editor.elementor-drop-cap-view-framed .elementor-drop-cap{color:#69727d;border:3px solid;background-color:transparent}.elementor-widget-text-editor:not(.elementor-drop-cap-view-default) .elementor-drop-cap{margin-top:8px}.elementor-widget-text-editor:not(.elementor-drop-cap-view-default) .elementor-drop-cap-letter{width:1em;height:1em}.elementor-widget-text-editor .elementor-drop-cap{float:left;text-align:center;line-height:1;font-size:50px}.elementor-widget-text-editor .elementor-drop-cap-letter{display:inline-block}<\/style>\t\t\t\t<p>\u0411\u043e\u043b\u044c\u0448\u0438\u043d\u0441\u0442\u0432\u043e \u0434\u0435\u0442\u0435\u0439 \u0432 \u0432\u043e\u0437\u0440\u0430\u0441\u0442\u0435 5-7 \u043b\u0435\u0442 \u043d\u0430\u0447\u0438\u043d\u0430\u044e\u0442 \u043f\u0440\u043e\u044f\u0432\u043b\u044f\u0442\u044c \u043f\u043e\u0432\u044b\u0448\u0435\u043d\u043d\u044b\u0439 \u0438\u043d\u0442\u0435\u0440\u0435\u0441 \u0431\u0443\u043a\u0432\u0430\u043c, \u0441\u043b\u043e\u0432\u0430\u043c, \u043a\u043d\u0438\u0433\u0430\u043c, \u0438 \u0435\u0441\u043b\u0438 \u043d\u0430\u0447\u0430\u0442\u044c \u0437\u0430\u043d\u0438\u043c\u0430\u0442\u044c\u0441\u044f \u0438\u043c\u0435\u043d\u043d\u043e \u0432 \u044d\u0442\u043e\u0442 \u043c\u043e\u043c\u0435\u043d\u0442, \u0442\u043e \u0434\u0435\u0442\u0438 \u0443\u0447\u0430\u0442\u0441\u044f \u0447\u0438\u0442\u0430\u0442\u044c \u0431\u044b\u0441\u0442\u0440\u043e \u0438 \u043b\u0435\u0433\u043a\u043e. \u0412 \u043f\u0440\u043e\u0446\u0435\u0441\u0441\u0435 \u043e\u0431\u0443\u0447\u0435\u043d\u0438\u044f \u0447\u0442\u0435\u043d\u0438\u044e \u0443 \u0440\u0435\u0431\u0435\u043d\u043a\u0430 \u0440\u0430\u0437\u0432\u0438\u0432\u0430\u044e\u0442\u0441\u044f \u0432\u043d\u0438\u043c\u0430\u043d\u0438\u0435, \u043f\u0430\u043c\u044f\u0442\u044c, \u043c\u044b\u0448\u043b\u0435\u043d\u0438\u0435. \u0410, \u0437\u043d\u0430\u0447\u0438\u0442, \u043e\u0431\u0443\u0447\u0435\u043d\u0438\u0435 \u0447\u0442\u0435\u043d\u0438\u044e - \u044d\u0442\u043e \u043b\u0443\u0447\u0448\u0435\u0435 \u0440\u0430\u0437\u0432\u0438\u0432\u0430\u044e\u0449\u0435\u0435 \u0437\u0430\u043d\u044f\u0442\u0438\u0435.<\/p>\t\t\t\t\t\t<\/div>\n\t\t\t\t<\/div>\n\t\t\t\t<\/div>\n\t\t\t\t<div class=\"elementor-element elementor-element-937ab6e elementor-align-left elementor-icon-list--layout-traditional elementor-list-item-link-full_width elementor-widget elementor-widget-icon-list\" data-id=\"937ab6e\" data-element_type=\"widget\" data-widget_type=\"icon-list.default\">\n\t\t\t\t<div class=\"elementor-widget-container\">\n\t\t\t<link rel=\"stylesheet\" href=\"https:\/\/tittalino.ee\/wp-content\/plugins\/elementor\/assets\/css\/widget-icon-list.min.css\">\t\t<ul class=\"elementor-icon-list-items\">\n\t\t\t\t\t\t\t<li class=\"elementor-icon-list-item\">\n\t\t\t\t\t\t\t\t\t\t\t<span class=\"elementor-icon-list-icon\">\n\t\t\t\t\t\t\t<svg xmlns=\"http:\/\/www.w3.org\/2000\/svg\" id=\"a935e752-5eb7-4252-9b80-2fd12de78d24\" data-name=\"Layer 1\" width=\"21.8759\" height=\"20.0518\" viewbox=\"0 0 21.8759 20.0518\"><path d=\"M18.3355,3.4062c-3.73-4.44-9.8325-2.8413-14.2727.8888s-5.5366,8.1787-1.8066,12.6189,12.4667,5.1995,16.9069,1.47S22.0655,7.8464,18.3355,3.4062ZM15.1717,14.5a.5.5,0,0,1-.5-.5c0-.6693-.7938-2.5-3.5-2.5s-3.5,1.8307-3.5,2.5a.5.5,0,0,1-1,0,3.9232,3.9232,0,0,1,3.8169-3.4648,2.3393,2.3393,0,1,1,1.5517.0227A3.8892,3.8892,0,0,1,15.6717,14,.5.5,0,0,1,15.1717,14.5Z\" transform=\"translate(0 -0.7174)\"><\/path><path d=\"M12.6359,8.3393a1.3393,1.3393,0,1,0-1.3393,1.3393A1.3393,1.3393,0,0,0,12.6359,8.3393Z\" transform=\"translate(0 -0.7174)\"><\/path><\/svg>\t\t\t\t\t\t<\/span>\n\t\t\t\t\t\t\t\t\t\t<span class=\"elementor-icon-list-text\">\u0417\u0430\u043d\u044f\u0442\u0438\u044f \u0432 \u0433\u0440\u0443\u043f\u043f\u0435 (\u0434\u043e 6 \u0434\u0435\u0442\u0435\u0439)\u043f\u0440\u043e\u0445\u043e\u0434\u044f\u0442 2 \u0440\u0430\u0437\u0430 \u0432 \u043d\u0435\u0434\u0435\u043b\u044e. \u0414\u043b\u0438\u0442\u0435\u043b\u044c\u043d\u043e\u0441\u0442\u044c \u0437\u0430\u043d\u044f\u0442\u0438\u044f - 45 \u043c\u0438\u043d\u0443\u0442<\/span>\n\t\t\t\t\t\t\t\t\t<\/li>\n\t\t\t\t\t\t\t\t<li class=\"elementor-icon-list-item\">\n\t\t\t\t\t\t\t\t\t\t\t<span class=\"elementor-icon-list-icon\">\n\t\t\t\t\t\t\t<svg xmlns=\"http:\/\/www.w3.org\/2000\/svg\" id=\"b23d4742-0f9d-4cf4-82e3-adf7a8fbb92e\" data-name=\"Layer 1\" width=\"20.5\" height=\"21\" viewbox=\"0 0 20.5 21\"><path d=\"M12,0C6.201,0,0,6.201,0,12s6.201,9,12,9,8.5-5.701,8.5-11.5S17.799,0,12,0Zm4.4789,12.1437a.5.5,0,0,1-.6226.3352l-5-1.5A.5.5,0,0,1,10.5,10.5V5a.5.5,0,0,1,1,0v5.128l4.6437,1.3931A.5.5,0,0,1,16.4789,12.1437Z\" style=\"fill-rule:evenodd\"><\/path><\/svg>\t\t\t\t\t\t<\/span>\n\t\t\t\t\t\t\t\t\t\t<span class=\"elementor-icon-list-text\">\u041f\u043e \u0447\u0435\u0442\u0432\u0435\u0440\u0433\u0430\u043c 17:00 - 17:45<\/span>\n\t\t\t\t\t\t\t\t\t<\/li>\n\t\t\t\t\t\t\t\t<li class=\"elementor-icon-list-item\">\n\t\t\t\t\t\t\t\t\t\t\t<span class=\"elementor-icon-list-icon\">\n\t\t\t\t\t\t\t<svg xmlns=\"http:\/\/www.w3.org\/2000\/svg\" id=\"b23d4742-0f9d-4cf4-82e3-adf7a8fbb92e\" data-name=\"Layer 1\" width=\"20.5\" height=\"21\" viewbox=\"0 0 20.5 21\"><path d=\"M12,0C6.201,0,0,6.201,0,12s6.201,9,12,9,8.5-5.701,8.5-11.5S17.799,0,12,0Zm4.4789,12.1437a.5.5,0,0,1-.6226.3352l-5-1.5A.5.5,0,0,1,10.5,10.5V5a.5.5,0,0,1,1,0v5.128l4.6437,1.3931A.5.5,0,0,1,16.4789,12.1437Z\" style=\"fill-rule:evenodd\"><\/path><\/svg>\t\t\t\t\t\t<\/span>\n\t\t\t\t\t\t\t\t\t\t<span class=\"elementor-icon-list-text\">\u041f\u043e \u0441\u0443\u0431\u0431\u043e\u0442\u0430\u043c 13:00 - 13:45<\/span>\n\t\t\t\t\t\t\t\t\t<\/li>\n\t\t\t\t\t\t\t\t<li class=\"elementor-icon-list-item\">\n\t\t\t\t\t\t\t\t\t\t\t<span class=\"elementor-icon-list-icon\">\n\t\t\t\t\t\t\t<svg xmlns=\"http:\/\/www.w3.org\/2000\/svg\" id=\"f0f81b6f-59a6-4203-a5ce-1da61724b84d\" data-name=\"Layer 1\" width=\"21.4038\" height=\"19.9816\" viewbox=\"0 0 21.4038 19.9816\"><path d=\"M21.3344,8.3391C19.24,2.9316,11.2175-.6108,5.81,1.4838S-.3424,10.517,1.7522,15.9245s8.3864,5.8669,13.7939,3.7722S23.429,13.7466,21.3344,8.3391ZM13.2907,14.268a3.0572,3.0572,0,0,1-1.788.792v.852a.519.519,0,0,1-.144.384.4642.4642,0,0,1-.36.144.5034.5034,0,0,1-.372-.144.5461.5461,0,0,1-.132-.384v-.828a5.82,5.82,0,0,1-1.392-.288,3.5331,3.5331,0,0,1-1.128-.648.56.56,0,0,1-.228-.48.5831.5831,0,0,1,.108-.36.3545.3545,0,0,1,.288-.156.7949.7949,0,0,1,.408.156,4.1189,4.1189,0,0,0,2.328.78,2.246,2.246,0,0,0,1.368-.36,1.1892,1.1892,0,0,0,.492-1.02.8181.8181,0,0,0-.264-.636,1.7419,1.7419,0,0,0-.648-.396,9.963,9.963,0,0,0-1.068-.312,11.65,11.65,0,0,1-1.464-.456,2.4832,2.4832,0,0,1-.972-.708,1.9355,1.9355,0,0,1-.396-1.272,2.1974,2.1974,0,0,1,.696-1.644,3.0958,3.0958,0,0,1,1.86-.816v-.84a.5461.5461,0,0,1,.132-.384.5034.5034,0,0,1,.372-.144.4642.4642,0,0,1,.36.144.519.519,0,0,1,.144.384v.84a3.84,3.84,0,0,1,1.164.3,3.2774,3.2774,0,0,1,.996.624.591.591,0,0,1,.24.48.5741.5741,0,0,1-.12.36.3545.3545,0,0,1-.288.156.7949.7949,0,0,1-.408-.156,4.3669,4.3669,0,0,0-.984-.588,2.8981,2.8981,0,0,0-1.104-.192,2.0888,2.0888,0,0,0-1.32.384,1.2536,1.2536,0,0,0-.492,1.044.9738.9738,0,0,0,.276.72,1.923,1.923,0,0,0,.684.432,11.4624,11.4624,0,0,0,1.116.312,9.7351,9.7351,0,0,1,1.416.444,2.3189,2.3189,0,0,1,.924.672,1.7907,1.7907,0,0,1,.384,1.212A2.1118,2.1118,0,0,1,13.2907,14.268Z\" transform=\"translate(-0.6716 -0.8733)\" style=\"fill-rule:evenodd\"><\/path><\/svg>\t\t\t\t\t\t<\/span>\n\t\t\t\t\t\t\t\t\t\t<span class=\"elementor-icon-list-text\">\u0421\u0442\u043e\u0438\u043c\u043e\u0441\u0442\u044c - 65 \u20ac \u0432 \u043c\u0435\u0441\u044f\u0446<\/span>\n\t\t\t\t\t\t\t\t\t<\/li>\n\t\t\t\t\t\t\t\t<li class=\"elementor-icon-list-item\">\n\t\t\t\t\t\t\t\t\t\t\t<span class=\"elementor-icon-list-icon\">\n\t\t\t\t\t\t\t<svg xmlns=\"http:\/\/www.w3.org\/2000\/svg\" id=\"f0f81b6f-59a6-4203-a5ce-1da61724b84d\" data-name=\"Layer 1\" width=\"21.4038\" height=\"19.9816\" viewbox=\"0 0 21.4038 19.9816\"><path d=\"M21.3344,8.3391C19.24,2.9316,11.2175-.6108,5.81,1.4838S-.3424,10.517,1.7522,15.9245s8.3864,5.8669,13.7939,3.7722S23.429,13.7466,21.3344,8.3391ZM13.2907,14.268a3.0572,3.0572,0,0,1-1.788.792v.852a.519.519,0,0,1-.144.384.4642.4642,0,0,1-.36.144.5034.5034,0,0,1-.372-.144.5461.5461,0,0,1-.132-.384v-.828a5.82,5.82,0,0,1-1.392-.288,3.5331,3.5331,0,0,1-1.128-.648.56.56,0,0,1-.228-.48.5831.5831,0,0,1,.108-.36.3545.3545,0,0,1,.288-.156.7949.7949,0,0,1,.408.156,4.1189,4.1189,0,0,0,2.328.78,2.246,2.246,0,0,0,1.368-.36,1.1892,1.1892,0,0,0,.492-1.02.8181.8181,0,0,0-.264-.636,1.7419,1.7419,0,0,0-.648-.396,9.963,9.963,0,0,0-1.068-.312,11.65,11.65,0,0,1-1.464-.456,2.4832,2.4832,0,0,1-.972-.708,1.9355,1.9355,0,0,1-.396-1.272,2.1974,2.1974,0,0,1,.696-1.644,3.0958,3.0958,0,0,1,1.86-.816v-.84a.5461.5461,0,0,1,.132-.384.5034.5034,0,0,1,.372-.144.4642.4642,0,0,1,.36.144.519.519,0,0,1,.144.384v.84a3.84,3.84,0,0,1,1.164.3,3.2774,3.2774,0,0,1,.996.624.591.591,0,0,1,.24.48.5741.5741,0,0,1-.12.36.3545.3545,0,0,1-.288.156.7949.7949,0,0,1-.408-.156,4.3669,4.3669,0,0,0-.984-.588,2.8981,2.8981,0,0,0-1.104-.192,2.0888,2.0888,0,0,0-1.32.384,1.2536,1.2536,0,0,0-.492,1.044.9738.9738,0,0,0,.276.72,1.923,1.923,0,0,0,.684.432,11.4624,11.4624,0,0,0,1.116.312,9.7351,9.7351,0,0,1,1.416.444,2.3189,2.3189,0,0,1,.924.672,1.7907,1.7907,0,0,1,.384,1.212A2.1118,2.1118,0,0,1,13.2907,14.268Z\" transform=\"translate(-0.6716 -0.8733)\" style=\"fill-rule:evenodd\"><\/path><\/svg>\t\t\t\t\t\t<\/span>\n\t\t\t\t\t\t\t\t\t\t<span class=\"elementor-icon-list-text\">\u0412\u043e\u0437\u043c\u043e\u0436\u043d\u043e \u043f\u0440\u043e\u0432\u0435\u0434\u0435\u043d\u0438\u0435 \u0438\u043d\u0434\u0438\u0432\u0438\u0434\u0443\u0430\u043b\u044c\u043d\u044b\u0445 \u0437\u0430\u043d\u044f\u0442\u0438\u0439. \u0421\u0442\u043e\u0438\u043c\u043e\u0441\u0442\u044c - 75 \u20ac \u0432 \u043c\u0435\u0441\u044f\u0446<\/span>\n\t\t\t\t\t\t\t\t\t<\/li>\n\t\t\t\t\t\t<\/ul>\n\t\t\t\t<\/div>\n\t\t\t\t<\/div>\n\t\t\t\t<div class=\"elementor-element elementor-element-93d67db elementor-widget elementor-widget-spacer\" data-id=\"93d67db\" data-element_type=\"widget\" data-widget_type=\"spacer.default\">\n\t\t\t\t<div class=\"elementor-widget-container\">\n\t\t\t\t\t<div class=\"elementor-spacer\">\n\t\t\t<div class=\"elementor-spacer-inner\"><\/div>\n\t\t<\/div>\n\t\t\t\t<\/div>\n\t\t\t\t<\/div>\n\t\t\t\t<\/div>\n\t\t<div class=\"elementor-element elementor-element-be2ac4f e-con-full e-flex e-con e-child\" data-id=\"be2ac4f\" data-element_type=\"container\" data-settings=\"{&quot;content_width&quot;:&quot;full&quot;}\">\n\t\t<div class=\"elementor-element elementor-element-7c5be6d e-con-full e-flex e-con e-child\" data-id=\"7c5be6d\" data-element_type=\"container\" data-settings=\"{&quot;background_background&quot;:&quot;classic&quot;,&quot;content_width&quot;:&quot;full&quot;}\">\n\t\t\t\t<\/div>\n\t\t\t\t<\/div>\n\t\t\t\t<\/div>\n\t\t<div class=\"elementor-element elementor-element-2239dc4 e-con-full e-flex e-con e-parent\" data-id=\"2239dc4\" data-element_type=\"container\" data-settings=\"{&quot;content_width&quot;:&quot;full&quot;}\" data-core-v316-plus=\"true\">\n\t\t<div class=\"elementor-element elementor-element-b76f335 e-con-full e-flex e-con e-child\" data-id=\"b76f335\" data-element_type=\"container\" data-settings=\"{&quot;content_width&quot;:&quot;full&quot;}\">\n\t\t<div class=\"elementor-element elementor-element-6c2a7ce e-con-full e-flex e-con e-child\" data-id=\"6c2a7ce\" data-element_type=\"container\" data-settings=\"{&quot;background_background&quot;:&quot;classic&quot;,&quot;content_width&quot;:&quot;full&quot;}\">\n\t\t\t\t<\/div>\n\t\t<div class=\"elementor-element elementor-element-acc6de6 e-con-full e-flex e-con e-child\" data-id=\"acc6de6\" data-element_type=\"container\" data-settings=\"{&quot;content_width&quot;:&quot;full&quot;}\">\n\t\t\t\t<div class=\"elementor-element elementor-element-07290e6 elementor-widget elementor-widget-spacer\" data-id=\"07290e6\" data-element_type=\"widget\" data-widget_type=\"spacer.default\">\n\t\t\t\t<div class=\"elementor-widget-container\">\n\t\t\t\t\t<div class=\"elementor-spacer\">\n\t\t\t<div class=\"elementor-spacer-inner\"><\/div>\n\t\t<\/div>\n\t\t\t\t<\/div>\n\t\t\t\t<\/div>\n\t\t\t\t<div class=\"elementor-element elementor-element-9baa820 elementor-widget elementor-widget-heading\" data-id=\"9baa820\" data-element_type=\"widget\" data-widget_type=\"heading.default\">\n\t\t\t\t<div class=\"elementor-widget-container\">\n\t\t\t<span class=\"elementor-heading-title elementor-size-default\">TitTalino<\/span>\t\t<\/div>\n\t\t\t\t<\/div>\n\t\t\t\t<\/div>\n\t\t\t\t<\/div>\n\t\t\t\t<\/div>\n\t\t\t\t<\/div>","protected":false},"excerpt":{"rendered":"<p>\u00d5ppetegevus Lugemiskursus (vene keeles). Enamik 5-7 aastaseid lapsi hakkab n\u00e4itama suurenenud huvi t\u00e4htede, s\u00f5nade, raamatute vastu ja kui hakkate \u00f5ppima just sel hetkel, \u00f5pivad lapsed kiiresti ja lihtsalt lugema. \u00d5ppimise k\u00e4igus arendab laps t\u00e4helepanu, m\u00e4lu ja m\u00f5tlemist. See t\u00e4hendab, et lugema \u00f5ppimine on parim arendav tegevus. R\u00fchmatunnid (kuni 6 last) toimuvad 2 korda n\u00e4dalas. Tunni [&hellip;]<\/p>","protected":false},"author":1,"featured_media":0,"parent":0,"menu_order":0,"comment_status":"closed","ping_status":"closed","template":"elementor_header_footer","meta":{"footnotes":""},"class_list":["post-882","page","type-page","status-publish","hentry"],"_links":{"self":[{"href":"https:\/\/tittalino.ee\/ru\/wp-json\/wp\/v2\/pages\/882","targetHints":{"allow":["GET"]}}],"collection":[{"href":"https:\/\/tittalino.ee\/ru\/wp-json\/wp\/v2\/pages"}],"about":[{"href":"https:\/\/tittalino.ee\/ru\/wp-json\/wp\/v2\/types\/page"}],"author":[{"embeddable":true,"href":"https:\/\/tittalino.ee\/ru\/wp-json\/wp\/v2\/users\/1"}],"replies":[{"embeddable":true,"href":"https:\/\/tittalino.ee\/ru\/wp-json\/wp\/v2\/comments?post=882"}],"version-history":[{"count":94,"href":"https:\/\/tittalino.ee\/ru\/wp-json\/wp\/v2\/pages\/882\/revisions"}],"predecessor-version":[{"id":1054,"href":"https:\/\/tittalino.ee\/ru\/wp-json\/wp\/v2\/pages\/882\/revisions\/1054"}],"wp:attachment":[{"href":"https:\/\/tittalino.ee\/ru\/wp-json\/wp\/v2\/media?parent=882"}],"curies":[{"name":"wp","href":"https:\/\/api.w.org\/{rel}","templated":true}]}}