{"id":824,"date":"2024-07-02T20:59:27","date_gmt":"2024-07-02T17:59:27","guid":{"rendered":"https:\/\/tittalino.ee\/?page_id=824"},"modified":"2025-11-25T22:36:20","modified_gmt":"2025-11-25T19:36:20","slug":"meist","status":"publish","type":"page","link":"https:\/\/tittalino.ee\/ru\/meist\/","title":{"rendered":"\u041e \u043d\u0430\u0441"},"content":{"rendered":"<div data-elementor-type=\"wp-page\" data-elementor-id=\"824\" class=\"elementor elementor-824\">\n\t\t\t\t<div class=\"elementor-element elementor-element-84b3ad5 e-con-full e-flex e-con e-parent\" data-id=\"84b3ad5\" data-element_type=\"container\" data-settings=\"{&quot;content_width&quot;:&quot;full&quot;,&quot;background_background&quot;:&quot;classic&quot;}\" data-core-v316-plus=\"true\">\n\t\t<div class=\"elementor-element elementor-element-d768861 e-con-full e-flex e-con e-child\" data-id=\"d768861\" data-element_type=\"container\" data-settings=\"{&quot;content_width&quot;:&quot;full&quot;}\">\n\t\t<div class=\"elementor-element elementor-element-c336d67 e-con-full e-flex e-con e-child\" data-id=\"c336d67\" data-element_type=\"container\" data-settings=\"{&quot;content_width&quot;:&quot;full&quot;}\">\n\t\t\t\t<div class=\"elementor-element elementor-element-e532d23 elementor-widget elementor-widget-heading\" data-id=\"e532d23\" data-element_type=\"widget\" data-widget_type=\"heading.default\">\n\t\t\t\t<div class=\"elementor-widget-container\">\n\t\t\t<style>\/*! elementor - v3.19.0 - 07-02-2024 *\/\n.elementor-heading-title{padding:0;margin:0;line-height:1}.elementor-widget-heading .elementor-heading-title[class*=elementor-size-]>a{color:inherit;font-size:inherit;line-height:inherit}.elementor-widget-heading .elementor-heading-title.elementor-size-small{font-size:15px}.elementor-widget-heading .elementor-heading-title.elementor-size-medium{font-size:19px}.elementor-widget-heading .elementor-heading-title.elementor-size-large{font-size:29px}.elementor-widget-heading .elementor-heading-title.elementor-size-xl{font-size:39px}.elementor-widget-heading .elementor-heading-title.elementor-size-xxl{font-size:59px}<\/style><h1 class=\"elementor-heading-title elementor-size-default\">\u041e \u043d\u0430\u0441<\/h1>\t\t<\/div>\n\t\t\t\t<\/div>\n\t\t\t\t<div class=\"elementor-element elementor-element-bb3418a elementor-widget elementor-widget-heading\" data-id=\"bb3418a\" data-element_type=\"widget\" data-widget_type=\"heading.default\">\n\t\t\t\t<div class=\"elementor-widget-container\">\n\t\t\t<h5 class=\"elementor-heading-title elementor-size-default\">\u0412 TitTalino lastehoid \u0432\u0430\u0441 \u0436\u0434\u0443\u0442<\/h5>\t\t<\/div>\n\t\t\t\t<\/div>\n\t\t\t\t<div class=\"elementor-element elementor-element-94d78fa elementor-widget__width-initial elementor-invisible elementor-widget elementor-widget-text-editor\" data-id=\"94d78fa\" data-element_type=\"widget\" data-settings=\"{&quot;_animation&quot;:&quot;fadeInDown&quot;}\" data-widget_type=\"text-editor.default\">\n\t\t\t\t<div class=\"elementor-widget-container\">\n\t\t\t<style>\/*! elementor - v3.19.0 - 07-02-2024 *\/\n.elementor-widget-text-editor.elementor-drop-cap-view-stacked .elementor-drop-cap{background-color:#69727d;color:#fff}.elementor-widget-text-editor.elementor-drop-cap-view-framed .elementor-drop-cap{color:#69727d;border:3px solid;background-color:transparent}.elementor-widget-text-editor:not(.elementor-drop-cap-view-default) .elementor-drop-cap{margin-top:8px}.elementor-widget-text-editor:not(.elementor-drop-cap-view-default) .elementor-drop-cap-letter{width:1em;height:1em}.elementor-widget-text-editor .elementor-drop-cap{float:left;text-align:center;line-height:1;font-size:50px}.elementor-widget-text-editor .elementor-drop-cap-letter{display:inline-block}<\/style>\t\t\t\t<p>\u0417\u0430\u0431\u043e\u0442\u043b\u0438\u0432\u0430\u044f, \u0432\u043d\u0438\u043c\u0430\u0442\u0435\u043b\u044c\u043d\u0430\u044f, \u0434\u043e\u0431\u0440\u043e\u0441\u043e\u0432\u0435\u0441\u0442\u043d\u0430\u044f \u0421\u0432\u0435\u0442\u043b\u0430\u043d\u0430, \u0443\u043c\u0435\u044e\u0449\u0430\u044f \u043d\u0430\u0439\u0442\u0438 \u0438\u043d\u0434\u0438\u0432\u0438\u0434\u0443\u0430\u043b\u044c\u043d\u044b\u0439 \u043f\u043e\u0434\u0445\u043e\u0434 \u043a \u043a\u0430\u0436\u0434\u043e\u043c\u0443 \u043c\u0430\u043b\u044b\u0448\u0443. \u0421\u0432\u0435\u0442\u043b\u0430\u043d\u0430 \u0440\u0430\u0431\u043e\u0442\u0430\u043b\u0430 \u0432\u043e\u0441\u043f\u0438\u0442\u0430\u0442\u0435\u043b\u0435\u043c \u0432 \u0434\u0435\u0442\u0441\u043a\u043e\u043c \u0441\u0430\u0434\u0443 \u0431\u043e\u043b\u0435\u0435 25 \u043b\u0435\u0442, \u0438\u043c\u0435\u0435\u0442 \u0432\u044b\u0441\u0448\u0435\u0435 \u043f\u0435\u0434\u0430\u0433\u043e\u0433\u0438\u0447\u0435\u0441\u043a\u043e\u0435 \u043e\u0431\u0440\u0430\u0437\u043e\u0432\u0430\u043d\u0438\u0435, \u043c\u0430\u043c\u0430 \u0434\u0432\u043e\u0438\u0445 \u0434\u043e\u0447\u0435\u0440\u0435\u0439 \u0438 \u0431\u0430\u0431\u0443\u0448\u043a\u0430.<\/p>\t\t\t\t\t\t<\/div>\n\t\t\t\t<\/div>\n\t\t\t\t<div class=\"elementor-element elementor-element-0ae3478 elementor-widget__width-initial elementor-invisible elementor-widget elementor-widget-text-editor\" data-id=\"0ae3478\" data-element_type=\"widget\" data-settings=\"{&quot;_animation&quot;:&quot;fadeInDown&quot;}\" data-widget_type=\"text-editor.default\">\n\t\t\t\t<div class=\"elementor-widget-container\">\n\t\t\t\t\t\t\t<p>\u0422\u0430\u0442\u044c\u044f\u043d\u0430 - \u043f\u043e\u0437\u0438\u0442\u0438\u0432\u043d\u0430\u044f, \u043e\u0442\u0437\u044b\u0432\u0447\u0438\u0432\u0430\u044f, \u043e\u0442\u0432\u0435\u0442\u0441\u0442\u0432\u0435\u043d\u043d\u0430\u044f \u043c\u0430\u043c\u0430, \u0438\u043c\u0435\u044e\u0449\u0430\u044f \u0431\u043e\u043b\u0435\u0435 10 \u043b\u0435\u0442 \u043e\u043f\u044b\u0442\u0430 \u0440\u0430\u0431\u043e\u0442\u044b \u0432 \u044d\u0441\u0442\u043e\u043d\u0441\u043a\u043e\u043c \u0438 \u0440\u0443\u0441\u0441\u043a\u043e\u043c \u0434\u0435\u0442\u0441\u043a\u0438\u0445 \u0441\u0430\u0434\u0430\u0445. \u041d\u0430\u0439\u0434\u0451\u0442 \u0440\u0430\u0437\u0432\u043b\u0435\u0447\u0435\u043d\u0438\u0435 \u0434\u043b\u044f \u043a\u0430\u0436\u0434\u043e\u0433\u043e \u0440\u0435\u0431\u0451\u043d\u043a\u0430, \u0443\u0447\u0438\u0442\u044b\u0432\u0430\u044f \u0435\u0433\u043e \u0436\u0435\u043b\u0430\u043d\u0438\u044f \u0438 \u0432\u043e\u0437\u043c\u043e\u0436\u043d\u043e\u0441\u0442\u0438.<\/p>\t\t\t\t\t\t<\/div>\n\t\t\t\t<\/div>\n\t\t\t\t<div class=\"elementor-element elementor-element-ff3ca64 elementor-widget__width-initial elementor-invisible elementor-widget elementor-widget-text-editor\" data-id=\"ff3ca64\" data-element_type=\"widget\" data-settings=\"{&quot;_animation&quot;:&quot;fadeInDown&quot;}\" data-widget_type=\"text-editor.default\">\n\t\t\t\t<div class=\"elementor-widget-container\">\n\t\t\t\t\t\t\t<p>\u041f\u0440\u0438\u0445\u043e\u0434\u0438\u0442\u0435 \u043f\u043e\u0437\u043d\u0430\u043a\u043e\u043c\u0438\u0442\u044c\u0441\u044f<\/p><p>\u0421 \u043d\u0430\u043c\u0438 \u043c\u043e\u0436\u043d\u043e \u043f\u0440\u0438\u0439\u0442\u0438 \u043f\u043e\u0437\u043d\u0430\u043a\u043e\u043c\u0438\u0442\u044c\u0441\u044f \u043a\u0430\u0436\u0434\u0443\u044e \u0441\u0440\u0435\u0434\u0443 \u0441 10:00 \u0434\u043e 11:00 \u0447.<\/p><p>\u041f\u0440\u043e\u0441\u044c\u0431\u0430 \u043f\u0440\u0435\u0434\u0432\u0430\u0440\u0438\u0442\u0435\u043b\u044c\u043d\u043e \u043f\u043e\u0437\u0432\u043e\u043d\u0438\u0442\u044c \u043f\u043e \u0442\u0435\u043b\u0435\u0444\u043e\u043d\u0443 5863 2091.<br \/>\u0438\u043b\u0438 \u043d\u0430\u043f\u0438\u0441\u0430\u0442\u044c \u044d\u043c\u0430\u0439\u043b tittalino2024@gmail.com, \u0435\u0441\u043b\u0438 \u0432\u044b \u043f\u043b\u0430\u043d\u0438\u0440\u0443\u0435\u0442\u0435 \u043f\u0440\u0438\u0439\u0442\u0438.<\/p>\t\t\t\t\t\t<\/div>\n\t\t\t\t<\/div>\n\t\t\t\t<div class=\"elementor-element elementor-element-94558f6 elementor-widget__width-initial elementor-invisible elementor-widget elementor-widget-text-editor\" data-id=\"94558f6\" data-element_type=\"widget\" data-settings=\"{&quot;_animation&quot;:&quot;fadeInDown&quot;}\" data-widget_type=\"text-editor.default\">\n\t\t\t\t<div class=\"elementor-widget-container\">\n\t\t\t\t\t\t\t<p>\u041d\u0430\u0448\u0430 \u043c\u0430\u043b\u0435\u043d\u044c\u043a\u0430\u044f \u0433\u0440\u0443\u043f\u043f\u0430 (\u0434\u043e 8\u043c\u0438 \u0434\u0435\u0442\u0435\u0439) \u0433\u0430\u0440\u0430\u043d\u0442\u0438\u0440\u0443\u0435\u0442 \u0432\u043e\u0437\u043c\u043e\u0436\u043d\u043e\u0441\u0442\u044c \u0443\u0434\u0435\u043b\u044f\u0442\u044c \u043a\u0430\u0436\u0434\u043e\u043c\u0443 \u043c\u0430\u043b\u044b\u0448\u0443 \u0434\u043e\u043b\u0436\u043d\u043e\u0435 \u0432\u043d\u0438\u043c\u0430\u043d\u0438\u0435, \u043e\u0431\u0435\u0441\u043f\u0435\u0447\u0438\u0432\u0430\u0435\u0442 \u0447\u0443\u0432\u0441\u0442\u0432\u043e \u0437\u0430\u0449\u0438\u0449\u0435\u043d\u043d\u043e\u0441\u0442\u0438, \u0447\u0442\u043e \u0441\u043e\u0437\u0434\u0430\u0451\u0442 \u043a\u043e\u043c\u0444\u043e\u0440\u0442\u043d\u0443\u044e \u0441\u0440\u0435\u0434\u0443 \u0434\u043b\u044f \u0430\u0434\u0430\u043f\u0442\u0430\u0446\u0438\u0438 \u0440\u0435\u0431\u0451\u043d\u043a\u0430.<br \/>\u041d\u0430\u0448\u0430 \u0446\u0435\u043b\u044c: \u0440\u0430\u0437\u0432\u0438\u0442\u0438\u0435 \u043d\u0430\u0432\u044b\u043a\u043e\u0432 \u0441\u0430\u043c\u043e\u043e\u0431\u0441\u043b\u0443\u0436\u0438\u0432\u0430\u043d\u0438\u044f, \u0443\u043c\u0435\u043d\u0438\u0435 \u043e\u0431\u0449\u0430\u0442\u044c\u0441\u044f \u0432 \u043a\u0440\u0443\u0433\u0443 \u0441\u0432\u043e\u0438\u0445 \u0441\u0432\u0435\u0440\u0441\u0442\u043d\u0438\u043a\u043e\u0432, \u0441\u043e\u0431\u043b\u044e\u0434\u0435\u043d\u0438\u0435 \u0440\u0435\u0436\u0438\u043c\u0430\u0445 \u043c\u043e\u043c\u0435\u043d\u0442\u043e\u0432 \u0434\u043b\u044f \u043f\u043b\u0430\u0432\u043d\u043e\u0439 \u043f\u043e\u0434\u0433\u043e\u0442\u043e\u0432\u043a\u0438 \u0440\u0435\u0431\u0451\u043d\u043a\u0430 \u043a \u0434\u0435\u0442\u0441\u043a\u043e\u043c\u0443 \u0441\u0430\u0434\u0443.<\/p>\t\t\t\t\t\t<\/div>\n\t\t\t\t<\/div>\n\t\t\t\t<\/div>\n\t\t\t\t<\/div>\n\t\t<div class=\"elementor-element elementor-element-a37eb2c e-con-full e-flex e-con e-child\" data-id=\"a37eb2c\" data-element_type=\"container\" data-settings=\"{&quot;background_background&quot;:&quot;classic&quot;,&quot;content_width&quot;:&quot;full&quot;}\">\n\t\t\t\t<\/div>\n\t\t\t\t<\/div>\n\t\t\t\t<\/div>","protected":false},"excerpt":{"rendered":"<p>Meist TitTalino lastehoius ootavad teid: Hooliv, t\u00e4helepanelik, kohusetundlik Svetlana, kes teab, kuidas leida igale lapsele individuaalne l\u00e4henemine. Svetlana t\u00f6\u00f6tas lasteaia\u00f5petajana \u00fcle 25 aasta, on pedagoogilise k\u00f5rgharidusega, kahe t\u00fctre ema ja vanaema. Tatjana on positiivne, vastutulelik, vastutustundlik ema, kellel on rohkem kui 10-aastane t\u00f6\u00f6kogemus eesti ja vene lasteaedades. Leiab meelelahutust igale lapsele, arvestades tema soove ja [&hellip;]<\/p>","protected":false},"author":1,"featured_media":0,"parent":0,"menu_order":0,"comment_status":"closed","ping_status":"closed","template":"elementor_header_footer","meta":{"footnotes":""},"class_list":["post-824","page","type-page","status-publish","hentry"],"_links":{"self":[{"href":"https:\/\/tittalino.ee\/ru\/wp-json\/wp\/v2\/pages\/824","targetHints":{"allow":["GET"]}}],"collection":[{"href":"https:\/\/tittalino.ee\/ru\/wp-json\/wp\/v2\/pages"}],"about":[{"href":"https:\/\/tittalino.ee\/ru\/wp-json\/wp\/v2\/types\/page"}],"author":[{"embeddable":true,"href":"https:\/\/tittalino.ee\/ru\/wp-json\/wp\/v2\/users\/1"}],"replies":[{"embeddable":true,"href":"https:\/\/tittalino.ee\/ru\/wp-json\/wp\/v2\/comments?post=824"}],"version-history":[{"count":30,"href":"https:\/\/tittalino.ee\/ru\/wp-json\/wp\/v2\/pages\/824\/revisions"}],"predecessor-version":[{"id":1057,"href":"https:\/\/tittalino.ee\/ru\/wp-json\/wp\/v2\/pages\/824\/revisions\/1057"}],"wp:attachment":[{"href":"https:\/\/tittalino.ee\/ru\/wp-json\/wp\/v2\/media?parent=824"}],"curies":[{"name":"wp","href":"https:\/\/api.w.org\/{rel}","templated":true}]}}