{"id":797,"date":"2024-05-22T21:37:39","date_gmt":"2024-05-22T18:37:39","guid":{"rendered":"https:\/\/tittalino.ee\/?page_id=797"},"modified":"2025-11-25T22:24:18","modified_gmt":"2025-11-25T19:24:18","slug":"proovipaev","status":"publish","type":"page","link":"https:\/\/tittalino.ee\/ru\/proovipaev\/","title":{"rendered":"Proovip\u00e4ev"},"content":{"rendered":"<div data-elementor-type=\"wp-page\" data-elementor-id=\"797\" class=\"elementor elementor-797\">\n\t\t\t\t<div class=\"elementor-element elementor-element-237d805 e-con-full e-flex e-con e-parent\" data-id=\"237d805\" data-element_type=\"container\" data-settings=\"{&quot;content_width&quot;:&quot;full&quot;}\" data-core-v316-plus=\"true\">\n\t\t<div class=\"elementor-element elementor-element-22f1648 e-con-full e-flex e-con e-child\" data-id=\"22f1648\" data-element_type=\"container\" data-settings=\"{&quot;content_width&quot;:&quot;full&quot;}\">\n\t\t<div class=\"elementor-element elementor-element-8ec5629 e-con-full e-flex e-con e-child\" data-id=\"8ec5629\" data-element_type=\"container\" data-settings=\"{&quot;content_width&quot;:&quot;full&quot;}\">\n\t\t\t\t<div class=\"elementor-element elementor-element-c88ab7d elementor-widget elementor-widget-heading\" data-id=\"c88ab7d\" data-element_type=\"widget\" data-widget_type=\"heading.default\">\n\t\t\t\t<div class=\"elementor-widget-container\">\n\t\t\t<style>\/*! elementor - v3.19.0 - 07-02-2024 *\/\n.elementor-heading-title{padding:0;margin:0;line-height:1}.elementor-widget-heading .elementor-heading-title[class*=elementor-size-]>a{color:inherit;font-size:inherit;line-height:inherit}.elementor-widget-heading .elementor-heading-title.elementor-size-small{font-size:15px}.elementor-widget-heading .elementor-heading-title.elementor-size-medium{font-size:19px}.elementor-widget-heading .elementor-heading-title.elementor-size-large{font-size:29px}.elementor-widget-heading .elementor-heading-title.elementor-size-xl{font-size:39px}.elementor-widget-heading .elementor-heading-title.elementor-size-xxl{font-size:59px}<\/style><h1 class=\"elementor-heading-title elementor-size-default\">\u041f\u0440\u0438\u0445\u043e\u0434\u0438\u0442\u0435 \u043f\u043e\u0437\u043d\u0430\u043a\u043e\u043c\u0438\u0442\u044c\u0441\u044f<\/h1>\t\t<\/div>\n\t\t\t\t<\/div>\n\t\t\t\t<div class=\"elementor-element elementor-element-69d1b62 elementor-widget__width-initial elementor-widget elementor-widget-text-editor\" data-id=\"69d1b62\" data-element_type=\"widget\" data-widget_type=\"text-editor.default\">\n\t\t\t\t<div class=\"elementor-widget-container\">\n\t\t\t<style>\/*! elementor - v3.19.0 - 07-02-2024 *\/\n.elementor-widget-text-editor.elementor-drop-cap-view-stacked .elementor-drop-cap{background-color:#69727d;color:#fff}.elementor-widget-text-editor.elementor-drop-cap-view-framed .elementor-drop-cap{color:#69727d;border:3px solid;background-color:transparent}.elementor-widget-text-editor:not(.elementor-drop-cap-view-default) .elementor-drop-cap{margin-top:8px}.elementor-widget-text-editor:not(.elementor-drop-cap-view-default) .elementor-drop-cap-letter{width:1em;height:1em}.elementor-widget-text-editor .elementor-drop-cap{float:left;text-align:center;line-height:1;font-size:50px}.elementor-widget-text-editor .elementor-drop-cap-letter{display:inline-block}<\/style>\t\t\t\t<p>\u041e\u0437\u043d\u0430\u043a\u043e\u043c\u0438\u0442\u0435\u043b\u044c\u043d\u044b\u0439 \u0434\u0435\u043d\u044c - \u044d\u0442\u043e \u0445\u043e\u0440\u043e\u0448\u0430\u044f \u0432\u043e\u0437\u043c\u043e\u0436\u043d\u043e\u0441\u0442\u044c \u043f\u0440\u0438\u0439\u0442\u0438 \u043f\u043e\u0437\u043d\u0430\u043a\u043e\u043c\u0438\u0442\u044c\u0441\u044f \u0441 \u0432\u043e\u0441\u043f\u0438\u0442\u0430\u0442\u0435\u043b\u044f\u043c\u0438 \u0438 \u043f\u043e\u043c\u0435\u0449\u0435\u043d\u0438\u0435\u043c \u043d\u0430\u0448\u0435\u0439 \u0433\u0440\u0443\u043f\u043f\u044b \u0432 TitTalino.<\/p><p>\u0421 \u043d\u0430\u043c\u0438 \u043c\u043e\u0436\u043d\u043e \u043f\u0440\u0438\u0439\u0442\u0438 \u043f\u043e\u0437\u043d\u0430\u043a\u043e\u043c\u0438\u0442\u044c\u0441\u044f <strong>\u043f\u043e \u0441\u0440\u0435\u0434\u0430\u043c 10:00-11:00<\/strong><\/p><p>\u041f\u0440\u043e\u0441\u044c\u0431\u0430 \u043f\u0440\u0435\u0434\u0432\u0430\u0440\u0438\u0442\u0435\u043b\u044c\u043d\u043e \u043f\u043e\u0437\u0432\u043e\u043d\u0438\u0442\u044c \u043f\u043e \u0442\u0435\u043b\u0435\u0444\u043e\u043d\u0443 <strong>5863 2091.<\/strong><\/p><p>\u0438\u043b\u0438 \u043d\u0430\u043f\u0438\u0441\u0430\u0442\u044c \u043d\u0430 \u044d\u043c\u0430\u0439\u043b <strong>tittalino2024@gmail.com<\/strong><span class=\"Apple-converted-space\">\u00a0 <\/span>\u0435\u0441\u043b\u0438 \u0432\u044b \u043f\u043b\u0430\u043d\u0438\u0440\u0443\u0435\u0442\u0435 \u043f\u0440\u0438\u0439\u0442\u0438.<\/p><p>\u041d\u0430\u0448\u0430 \u043c\u0430\u043b\u0435\u043d\u044c\u043a\u0430\u044f \u0433\u0440\u0443\u043f\u043f\u0430 (\u0434\u043e 8\u043c\u0438 \u0434\u0435\u0442\u0435\u0439) \u0433\u0430\u0440\u0430\u043d\u0442\u0438\u0440\u0443\u0435\u0442 \u0432\u043e\u0437\u043c\u043e\u0436\u043d\u043e\u0441\u0442\u044c \u0443\u0434\u0435\u043b\u044f\u0442\u044c \u043a\u0430\u0436\u0434\u043e\u043c\u0443 \u043c\u0430\u043b\u044b\u0448\u0443 \u0434\u043e\u043b\u0436\u043d\u043e\u0435 \u0432\u043d\u0438\u043c\u0430\u043d\u0438\u0435, \u043e\u0431\u0435\u0441\u043f\u0435\u0447\u0438\u0432\u0430\u0435\u0442 \u0447\u0443\u0432\u0441\u0442\u0432\u043e \u0437\u0430\u0449\u0438\u0449\u0435\u043d\u043d\u043e\u0441\u0442\u0438, \u0447\u0442\u043e \u0441\u043e\u0437\u0434\u0430\u0451\u0442 \u043a\u043e\u043c\u0444\u043e\u0440\u0442\u043d\u0443\u044e \u0441\u0440\u0435\u0434\u0443 \u0434\u043b\u044f \u0430\u0434\u0430\u043f\u0442\u0430\u0446\u0438\u0438 \u0440\u0435\u0431\u0451\u043d\u043a\u0430.<\/p><p>\u041d\u0430\u0448\u0430 \u0446\u0435\u043b\u044c: \u0440\u0430\u0437\u0432\u0438\u0442\u0438\u0435 \u043d\u0430\u0432\u044b\u043a\u043e\u0432 \u0441\u0430\u043c\u043e\u043e\u0431\u0441\u043b\u0443\u0436\u0438\u0432\u0430\u043d\u0438\u044f, \u0443\u043c\u0435\u043d\u0438\u0435 \u043e\u0431\u0449\u0430\u0442\u044c\u0441\u044f \u0432 \u043a\u0440\u0443\u0433\u0443 \u0441\u0432\u043e\u0438\u0445 \u0441\u0432\u0435\u0440\u0441\u0442\u043d\u0438\u043a\u043e\u0432, \u0441\u043e\u0431\u043b\u044e\u0434\u0435\u043d\u0438\u0435 \u0440\u0435\u0436\u0438\u043c\u0430\u0445 \u043c\u043e\u043c\u0435\u043d\u0442\u043e\u0432 \u0434\u043b\u044f \u043f\u043b\u0430\u0432\u043d\u043e\u0439 \u043f\u043e\u0434\u0433\u043e\u0442\u043e\u0432\u043a\u0438 \u0440\u0435\u0431\u0451\u043d\u043a\u0430 \u043a \u0434\u0435\u0442\u0441\u043a\u043e\u043c\u0443 \u0441\u0430\u0434\u0443.<\/p>\t\t\t\t\t\t<\/div>\n\t\t\t\t<\/div>\n\t\t\t\t<\/div>\n\t\t\t\t<div class=\"elementor-element elementor-element-055dc04 elementor-widget elementor-widget-heading\" data-id=\"055dc04\" data-element_type=\"widget\" data-widget_type=\"heading.default\">\n\t\t\t\t<div class=\"elementor-widget-container\">\n\t\t\t<span class=\"elementor-heading-title elementor-size-default\">TitTalino<\/span>\t\t<\/div>\n\t\t\t\t<\/div>\n\t\t\t\t<\/div>\n\t\t<div class=\"elementor-element elementor-element-8d33bcd e-con-full e-flex e-con e-child\" data-id=\"8d33bcd\" data-element_type=\"container\" data-settings=\"{&quot;background_background&quot;:&quot;classic&quot;,&quot;content_width&quot;:&quot;full&quot;}\">\n\t\t\t\t<\/div>\n\t\t\t\t<\/div>\n\t\t\t\t<\/div>","protected":false},"excerpt":{"rendered":"<p>TULE TUTVU MEIEGA Tutvumisp\u00e4ev on hea v\u00f5imalus tutvuda TitTalino lastehoiu lapsehoidjatega ning meie ruumidega. Tutvuma saab tulla igal kolmap\u00e4eval kell 10:00-11:00. Palume ette helistada tel 5863 2091. v\u00f5i kirjutada e-mailile tittalino2024@gmail.com\u00a0 kui plaanite tulla Meie v\u00e4iker\u00fchm (kuni 8 last) tagab v\u00f5imaluse p\u00f6\u00f6rata igale lapsele piisavat t\u00e4helepanu, annab turvatunde, mis loob lapsele mugava kohanemiskeskkonna. Meie eesm\u00e4rk: [&hellip;]<\/p>","protected":false},"author":1,"featured_media":0,"parent":0,"menu_order":0,"comment_status":"closed","ping_status":"closed","template":"elementor_header_footer","meta":{"footnotes":""},"class_list":["post-797","page","type-page","status-publish","hentry"],"_links":{"self":[{"href":"https:\/\/tittalino.ee\/ru\/wp-json\/wp\/v2\/pages\/797","targetHints":{"allow":["GET"]}}],"collection":[{"href":"https:\/\/tittalino.ee\/ru\/wp-json\/wp\/v2\/pages"}],"about":[{"href":"https:\/\/tittalino.ee\/ru\/wp-json\/wp\/v2\/types\/page"}],"author":[{"embeddable":true,"href":"https:\/\/tittalino.ee\/ru\/wp-json\/wp\/v2\/users\/1"}],"replies":[{"embeddable":true,"href":"https:\/\/tittalino.ee\/ru\/wp-json\/wp\/v2\/comments?post=797"}],"version-history":[{"count":21,"href":"https:\/\/tittalino.ee\/ru\/wp-json\/wp\/v2\/pages\/797\/revisions"}],"predecessor-version":[{"id":1061,"href":"https:\/\/tittalino.ee\/ru\/wp-json\/wp\/v2\/pages\/797\/revisions\/1061"}],"wp:attachment":[{"href":"https:\/\/tittalino.ee\/ru\/wp-json\/wp\/v2\/media?parent=797"}],"curies":[{"name":"wp","href":"https:\/\/api.w.org\/{rel}","templated":true}]}}