{"id":57,"date":"2024-02-24T15:52:09","date_gmt":"2024-02-24T12:52:09","guid":{"rendered":"http:\/\/tittalino.ee\/home\/"},"modified":"2025-11-29T20:33:15","modified_gmt":"2025-11-29T17:33:15","slug":"avaleht","status":"publish","type":"page","link":"https:\/\/tittalino.ee\/ru\/","title":{"rendered":"\u0413\u043b\u0430\u0432\u043d\u0430\u044f"},"content":{"rendered":"<div data-elementor-type=\"wp-page\" data-elementor-id=\"57\" class=\"elementor elementor-57\">\n\t\t\t\t<div class=\"elementor-element elementor-element-1697ded0 e-con-full e-flex e-con e-parent\" data-id=\"1697ded0\" data-element_type=\"container\" data-settings=\"{&quot;content_width&quot;:&quot;full&quot;}\" data-core-v316-plus=\"true\">\n\t\t<div class=\"elementor-element elementor-element-5acba789 e-con-full e-flex e-con e-child\" data-id=\"5acba789\" data-element_type=\"container\" data-settings=\"{&quot;content_width&quot;:&quot;full&quot;}\">\n\t\t<div class=\"elementor-element elementor-element-5b1700be e-con-full e-flex e-con e-child\" data-id=\"5b1700be\" data-element_type=\"container\" data-settings=\"{&quot;content_width&quot;:&quot;full&quot;}\">\n\t\t\t\t<div class=\"elementor-element elementor-element-40c45974 elementor-widget elementor-widget-heading\" data-id=\"40c45974\" data-element_type=\"widget\" data-widget_type=\"heading.default\">\n\t\t\t\t<div class=\"elementor-widget-container\">\n\t\t\t<style>\/*! elementor - v3.19.0 - 07-02-2024 *\/\n.elementor-heading-title{padding:0;margin:0;line-height:1}.elementor-widget-heading .elementor-heading-title[class*=elementor-size-]>a{color:inherit;font-size:inherit;line-height:inherit}.elementor-widget-heading .elementor-heading-title.elementor-size-small{font-size:15px}.elementor-widget-heading .elementor-heading-title.elementor-size-medium{font-size:19px}.elementor-widget-heading .elementor-heading-title.elementor-size-large{font-size:29px}.elementor-widget-heading .elementor-heading-title.elementor-size-xl{font-size:39px}.elementor-widget-heading .elementor-heading-title.elementor-size-xxl{font-size:59px}<\/style><h1 class=\"elementor-heading-title elementor-size-default\">\u0414\u043e\u0431\u0440\u043e \u043f\u043e\u0436\u0430\u043b\u043e\u0432\u0430\u0442\u044c \u0432 \u0433\u0440\u0443\u043f\u043f\u0443 \u043f\u043e \u0443\u0445\u043e\u0434\u0443 \u0437\u0430 \u0434\u0435\u0442\u044c\u043c\u0438 TitTalino\n<\/h1>\t\t<\/div>\n\t\t\t\t<\/div>\n\t\t\t\t<div class=\"elementor-element elementor-element-1747235 elementor-widget__width-initial elementor-widget elementor-widget-text-editor\" data-id=\"1747235\" data-element_type=\"widget\" data-widget_type=\"text-editor.default\">\n\t\t\t\t<div class=\"elementor-widget-container\">\n\t\t\t<style>\/*! elementor - v3.19.0 - 07-02-2024 *\/\n.elementor-widget-text-editor.elementor-drop-cap-view-stacked .elementor-drop-cap{background-color:#69727d;color:#fff}.elementor-widget-text-editor.elementor-drop-cap-view-framed .elementor-drop-cap{color:#69727d;border:3px solid;background-color:transparent}.elementor-widget-text-editor:not(.elementor-drop-cap-view-default) .elementor-drop-cap{margin-top:8px}.elementor-widget-text-editor:not(.elementor-drop-cap-view-default) .elementor-drop-cap-letter{width:1em;height:1em}.elementor-widget-text-editor .elementor-drop-cap{float:left;text-align:center;line-height:1;font-size:50px}.elementor-widget-text-editor .elementor-drop-cap-letter{display:inline-block}<\/style>\t\t\t\t<p>\u041d\u0430\u0448\u0438 \u0434\u0432\u0435\u0440\u0438 \u043e\u0442\u043a\u0440\u044b\u0442\u044b \u0434\u043b\u044f \u0441\u0430\u043c\u044b\u0445 \u043c\u0430\u043b\u0435\u043d\u044c\u043a\u0438\u0445 \u043f\u043e\u0441\u0435\u0442\u0438\u0442\u0435\u043b\u0435\u0439 - \u043c\u0430\u043b\u044b\u0448\u0435\u0439 \u0432 \u0432\u043e\u0437\u0440\u0430\u0441\u0442\u0435 \u043e\u0442 1,5 \u0434\u043e 3 \u043b\u0435\u0442. \u0433\u0434\u0435 \u043e\u043d\u0438 \u0432\u0441\u0435\u0433\u0434\u0430, \u043d\u0430\u0445\u043e\u0434\u044f\u0441\u044c \u0432 \u0442\u0451\u043f\u043b\u043e\u0439 \u0434\u0440\u0443\u0436\u0435\u0441\u043a\u043e\u0439 \u0430\u0442\u043c\u043e\u0441\u0444\u0435\u0440\u0435, \u0431\u0443\u0434\u0443\u0442 \u043e\u043a\u0440\u0443\u0436\u0435\u043d\u044b \u0437\u0430\u0431\u043e\u0442\u043e\u0439 \u0438 \u0432\u043d\u0438\u043c\u0430\u043d\u0438\u0435\u043c. \u0414\u0435\u0442\u0438 \u043f\u0440\u043e\u0432\u043e\u0434\u044f\u0442 \u0441\u0432\u043e\u0439 \u0434\u043e\u0441\u0443\u0433 \u0432 \u0441\u0432\u0435\u0442\u043b\u044b\u0445, \u0443\u044e\u0442\u043d\u044b\u0445 \u0438 \u0431\u0435\u0437\u043e\u043f\u0430\u0441\u043d\u044b\u0445 \u043f\u043e\u043c\u0435\u0449\u0435\u043d\u0438\u044f\u0445 \u0441\u043e \u0441\u0442\u0438\u043b\u044c\u043d\u044b\u043c \u0438\u043d\u0442\u0435\u0440\u044c\u0435\u0440\u043e\u043c.<\/p>\t\t\t\t\t\t<\/div>\n\t\t\t\t<\/div>\n\t\t\t\t<div class=\"elementor-element elementor-element-7c4706a elementor-align-left elementor-invisible elementor-widget elementor-widget-button\" data-id=\"7c4706a\" data-element_type=\"widget\" data-settings=\"{&quot;_animation&quot;:&quot;fadeInDown&quot;}\" data-widget_type=\"button.default\">\n\t\t\t\t<div class=\"elementor-widget-container\">\n\t\t\t\t\t<div class=\"elementor-button-wrapper\">\n\t\t\t<a class=\"elementor-button elementor-button-link elementor-size-sm elementor-animation-sink\" href=\"https:\/\/tittalino.ee\/ru\/proovipaev\/\">\n\t\t\t\t\t\t<span class=\"elementor-button-content-wrapper\">\n\t\t\t\t\t\t<span class=\"elementor-button-text\">\u041f\u0440\u0438\u0445\u043e\u0434\u0438\u0442\u0435 \u043f\u043e\u0437\u043d\u0430\u043a\u043e\u043c\u0438\u0442\u044c\u0441\u044f<\/span>\n\t\t<\/span>\n\t\t\t\t\t<\/a>\n\t\t<\/div>\n\t\t\t\t<\/div>\n\t\t\t\t<\/div>\n\t\t\t\t<\/div>\n\t\t\t\t<div class=\"elementor-element elementor-element-40fbea6f elementor-invisible elementor-widget elementor-widget-heading\" data-id=\"40fbea6f\" data-element_type=\"widget\" data-settings=\"{&quot;_animation&quot;:&quot;fadeInUp&quot;}\" data-widget_type=\"heading.default\">\n\t\t\t\t<div class=\"elementor-widget-container\">\n\t\t\t<span class=\"elementor-heading-title elementor-size-default\">TitTalino<\/span>\t\t<\/div>\n\t\t\t\t<\/div>\n\t\t\t\t<\/div>\n\t\t<div class=\"elementor-element elementor-element-4fa65dce e-con-full e-flex e-con e-child\" data-id=\"4fa65dce\" data-element_type=\"container\" data-settings=\"{&quot;background_background&quot;:&quot;classic&quot;,&quot;content_width&quot;:&quot;full&quot;}\">\n\t\t\t\t<\/div>\n\t\t\t\t<\/div>\n\t\t<div class=\"elementor-element elementor-element-6b21c9b7 e-con-full e-flex e-con e-parent\" data-id=\"6b21c9b7\" data-element_type=\"container\" data-settings=\"{&quot;content_width&quot;:&quot;full&quot;}\" data-core-v316-plus=\"true\">\n\t\t<div class=\"elementor-element elementor-element-2d2fd175 e-con-full e-flex e-con e-child\" data-id=\"2d2fd175\" data-element_type=\"container\" data-settings=\"{&quot;background_background&quot;:&quot;classic&quot;,&quot;content_width&quot;:&quot;full&quot;}\">\n\t\t\t\t<\/div>\n\t\t<div class=\"elementor-element elementor-element-176f11e5 e-con-full e-flex e-con e-child\" data-id=\"176f11e5\" data-element_type=\"container\" data-settings=\"{&quot;content_width&quot;:&quot;full&quot;}\">\n\t\t\t\t<div class=\"elementor-element elementor-element-67101fea elementor-widget elementor-widget-heading\" data-id=\"67101fea\" data-element_type=\"widget\" data-widget_type=\"heading.default\">\n\t\t\t\t<div class=\"elementor-widget-container\">\n\t\t\t<h2 class=\"elementor-heading-title elementor-size-default\">TitTalino, \u0447\u0442\u043e \u0443 \u043d\u0430\u0441?<\/h2>\t\t<\/div>\n\t\t\t\t<\/div>\n\t\t\t\t<div class=\"elementor-element elementor-element-50369761 elementor-widget elementor-widget-text-editor\" data-id=\"50369761\" data-element_type=\"widget\" data-widget_type=\"text-editor.default\">\n\t\t\t\t<div class=\"elementor-widget-container\">\n\t\t\t\t\t\t\t<p>\u041d\u0430\u0448\u0430 \u043c\u0430\u043b\u0435\u043d\u044c\u043a\u0430\u044f \u0433\u0440\u0443\u043f\u043f\u0430 (\u0434\u043e 8\u043c\u0438 \u0434\u0435\u0442\u0435\u0439) \u0433\u0430\u0440\u0430\u043d\u0442\u0438\u0440\u0443\u0435\u0442 \u0432\u043e\u0437\u043c\u043e\u0436\u043d\u043e\u0441\u0442\u044c \u0443\u0434\u0435\u043b\u044f\u0442\u044c \u043a\u0430\u0436\u0434\u043e\u043c\u0443 \u043c\u0430\u043b\u044b\u0448\u0443 \u0434\u043e\u043b\u0436\u043d\u043e\u0435 \u0432\u043d\u0438\u043c\u0430\u043d\u0438\u0435, \u043e\u0431\u0435\u0441\u043f\u0435\u0447\u0438\u0432\u0430\u0435\u0442 \u0447\u0443\u0432\u0441\u0442\u0432\u043e \u0437\u0430\u0449\u0438\u0449\u0435\u043d\u043d\u043e\u0441\u0442\u0438, \u0447\u0442\u043e \u0441\u043e\u0437\u0434\u0430\u0451\u0442 \u043a\u043e\u043c\u0444\u043e\u0440\u0442\u043d\u0443\u044e \u0441\u0440\u0435\u0434\u0443 \u0434\u043b\u044f \u0430\u0434\u0430\u043f\u0442\u0430\u0446\u0438\u0438 \u0440\u0435\u0431\u0451\u043d\u043a\u0430.<\/p><p>\u0415\u0441\u043b\u0438 \u0443 \u0432\u0430\u0441 \u043d\u0435\u043e\u0442\u043b\u043e\u0436\u043d\u044b\u0435 \u0434\u0435\u043b\u0430, \u0441\u0440\u043e\u0447\u043d\u0430\u044f \u0440\u0430\u0431\u043e\u0442\u0430, \u043a\u043e\u043c\u0430\u043d\u0434\u0438\u0440\u043e\u0432\u043a\u0430 \u0438\u043b\u0438 \u0444\u043e\u0440\u0441-\u043c\u0430\u0436\u043e\u0440, \u0432\u044b \u0432\u0441\u0435\u0433\u0434\u0430 \u043c\u043e\u0436\u0435\u0442\u0435 \u043f\u0440\u0438\u0432\u0435\u0441\u0442\u0438 \u0441\u0432\u043e\u0435\u0433\u043e \u043c\u0430\u043b\u044b\u0448\u0430 \u043a \u043d\u0430\u043c.<\/p><p>\u0422\u0430\u043a\u0436\u0435 \u043c\u043e\u0436\u043d\u043e \u043f\u0440\u0435\u043a\u0440\u0430\u0441\u043d\u043e \u043f\u0440\u043e\u0432\u0435\u0441\u0442\u0438 \u0432\u0440\u0435\u043c\u044f \u0432\u043c\u0435\u0441\u0442\u0435 \u0441\u043e \u0441\u0432\u043e\u0438\u043c \u043c\u0430\u043b\u044b\u0448\u043e\u043c \u0432 \u043d\u0430\u0448\u0435\u0439 \u0438\u0433\u0440\u043e\u0432\u043e\u0439 \u043a\u043e\u043c\u043d\u0430\u0442\u0435.<\/p><p>\u0423 \u043d\u0430\u0441 \u0435\u0441\u0442\u044c \u0432\u0435\u043b\u0438\u043a\u043e\u043b\u0435\u043f\u043d\u0430\u044f \u0432\u043e\u0437\u043c\u043e\u0436\u043d\u043e\u0441\u0442\u044c \u043e\u0442\u043c\u0435\u0442\u0438\u0442\u044c \u0434\u0435\u0442\u0441\u043a\u0438\u0439 \u0434\u0435\u043d\u044c \u0440\u043e\u0436\u0434\u0435\u043d\u0438\u044f \u0438 \u0434\u0440\u0443\u0433\u0438\u0435 \u0441\u043e\u0431\u044b\u0442\u0438\u044f \u0438 \u0442\u043e\u0440\u0436\u0435\u0441\u0442\u0432\u0430.<\/p>\t\t\t\t\t\t<\/div>\n\t\t\t\t<\/div>\n\t\t\t\t<\/div>\n\t\t\t\t<\/div>\n\t\t\t\t<\/div>","protected":false},"excerpt":{"rendered":"<p>Tere tulemast TitTalino lastehoidu Meie uksed on alati avatud k\u00f5ige pisematele k\u00fclastajatele \u2013 lastele vanuses 1,5 &#8211; 3 aastat, kus nad s\u00f5bralikus ja soojas atmosf\u00e4\u00e4ris on \u00fcmbritsetud t\u00e4helepanu ja hoolega. Lapsi hoitakse valgusk\u00fcllastes, mugavates ja turvalistes stiilse interj\u00f6\u00f6riga tubades. TULE TUTVU MEIEGA! TitTalino TitTalino, mis siin on? Meie v\u00e4ike r\u00fchm (kuni 8 last) v\u00f4imaldab p\u00f6\u00f6rata [&hellip;]<\/p>","protected":false},"author":1,"featured_media":0,"parent":0,"menu_order":0,"comment_status":"closed","ping_status":"closed","template":"elementor_header_footer","meta":{"footnotes":""},"class_list":["post-57","page","type-page","status-publish","hentry"],"_links":{"self":[{"href":"https:\/\/tittalino.ee\/ru\/wp-json\/wp\/v2\/pages\/57","targetHints":{"allow":["GET"]}}],"collection":[{"href":"https:\/\/tittalino.ee\/ru\/wp-json\/wp\/v2\/pages"}],"about":[{"href":"https:\/\/tittalino.ee\/ru\/wp-json\/wp\/v2\/types\/page"}],"author":[{"embeddable":true,"href":"https:\/\/tittalino.ee\/ru\/wp-json\/wp\/v2\/users\/1"}],"replies":[{"embeddable":true,"href":"https:\/\/tittalino.ee\/ru\/wp-json\/wp\/v2\/comments?post=57"}],"version-history":[{"count":83,"href":"https:\/\/tittalino.ee\/ru\/wp-json\/wp\/v2\/pages\/57\/revisions"}],"predecessor-version":[{"id":1064,"href":"https:\/\/tittalino.ee\/ru\/wp-json\/wp\/v2\/pages\/57\/revisions\/1064"}],"wp:attachment":[{"href":"https:\/\/tittalino.ee\/ru\/wp-json\/wp\/v2\/media?parent=57"}],"curies":[{"name":"wp","href":"https:\/\/api.w.org\/{rel}","templated":true}]}}