{"id":25,"date":"2024-02-24T15:52:04","date_gmt":"2024-02-24T12:52:04","guid":{"rendered":"http:\/\/tittalino.ee\/workshop\/"},"modified":"2025-11-25T22:34:11","modified_gmt":"2025-11-25T19:34:11","slug":"broneerimine","status":"publish","type":"page","link":"https:\/\/tittalino.ee\/ru\/broneerimine\/","title":{"rendered":"\u0411\u0440\u043e\u043d\u0438\u0440\u043e\u0432\u0430\u043d\u0438\u0435"},"content":{"rendered":"<div data-elementor-type=\"wp-page\" data-elementor-id=\"25\" class=\"elementor elementor-25\">\n\t\t\t\t<div class=\"elementor-element elementor-element-60ff2965 e-con-full e-flex e-con e-parent\" data-id=\"60ff2965\" data-element_type=\"container\" data-settings=\"{&quot;content_width&quot;:&quot;full&quot;}\" data-core-v316-plus=\"true\">\n\t\t<div class=\"elementor-element elementor-element-69cf6adc e-con-full e-flex e-con e-child\" data-id=\"69cf6adc\" data-element_type=\"container\" data-settings=\"{&quot;content_width&quot;:&quot;full&quot;}\">\n\t\t<div class=\"elementor-element elementor-element-6127b95f e-con-full e-flex e-con e-child\" data-id=\"6127b95f\" data-element_type=\"container\" data-settings=\"{&quot;content_width&quot;:&quot;full&quot;}\">\n\t\t\t\t<div class=\"elementor-element elementor-element-5a3e7930 elementor-widget elementor-widget-heading\" data-id=\"5a3e7930\" data-element_type=\"widget\" data-widget_type=\"heading.default\">\n\t\t\t\t<div class=\"elementor-widget-container\">\n\t\t\t<style>\/*! elementor - v3.19.0 - 07-02-2024 *\/\n.elementor-heading-title{padding:0;margin:0;line-height:1}.elementor-widget-heading .elementor-heading-title[class*=elementor-size-]>a{color:inherit;font-size:inherit;line-height:inherit}.elementor-widget-heading .elementor-heading-title.elementor-size-small{font-size:15px}.elementor-widget-heading .elementor-heading-title.elementor-size-medium{font-size:19px}.elementor-widget-heading .elementor-heading-title.elementor-size-large{font-size:29px}.elementor-widget-heading .elementor-heading-title.elementor-size-xl{font-size:39px}.elementor-widget-heading .elementor-heading-title.elementor-size-xxl{font-size:59px}<\/style><h1 class=\"elementor-heading-title elementor-size-default\">\u0411\u0440\u043e\u043d\u0438\u0440\u043e\u0432\u0430\u043d\u0438\u0435<\/h1>\t\t<\/div>\n\t\t\t\t<\/div>\n\t\t\t\t<div class=\"elementor-element elementor-element-4f829ec9 elementor-widget__width-initial elementor-widget elementor-widget-text-editor\" data-id=\"4f829ec9\" data-element_type=\"widget\" data-widget_type=\"text-editor.default\">\n\t\t\t\t<div class=\"elementor-widget-container\">\n\t\t\t<style>\/*! elementor - v3.19.0 - 07-02-2024 *\/\n.elementor-widget-text-editor.elementor-drop-cap-view-stacked .elementor-drop-cap{background-color:#69727d;color:#fff}.elementor-widget-text-editor.elementor-drop-cap-view-framed .elementor-drop-cap{color:#69727d;border:3px solid;background-color:transparent}.elementor-widget-text-editor:not(.elementor-drop-cap-view-default) .elementor-drop-cap{margin-top:8px}.elementor-widget-text-editor:not(.elementor-drop-cap-view-default) .elementor-drop-cap-letter{width:1em;height:1em}.elementor-widget-text-editor .elementor-drop-cap{float:left;text-align:center;line-height:1;font-size:50px}.elementor-widget-text-editor .elementor-drop-cap-letter{display:inline-block}<\/style>\t\t\t\t<p>\u00a0<\/p><p>\u041f\u043b\u0430\u0442\u0430 \u0437\u0430 \u0431\u0440\u043e\u043d\u0438\u0440\u043e\u0432\u0430\u043d\u0438\u0435 \u0441\u043e\u0441\u0442\u0430\u0432\u043b\u044f\u0435\u0442 40 \u0435\u0432\u0440\u043e, \u043a\u043e\u0442\u043e\u0440\u044b\u0435 \u0432\u044b\u0447\u0438\u0442\u0430\u044e\u0442\u0441\u044f \u0438\u0437 \u043e\u0431\u0449\u0435\u0439 \u0441\u0442\u043e\u0438\u043c\u043e\u0441\u0442\u0438 \u043f\u0440\u0430\u0437\u0434\u043d\u0438\u043a\u0430 \u0438 \u043a\u043e\u0442\u043e\u0440\u044b\u0435 \u043c\u044b \u043f\u0440\u043e\u0441\u0438\u043c \u0412\u0430\u0441 \u0432\u043d\u0435\u0441\u0442\u0438 \u043d\u0430 \u0441\u0447\u0435\u0442 \u0432 \u0442\u0435\u0447\u0435\u043d\u0438\u0435 24 \u0447\u0430\u0441\u043e\u0432 \u0441 \u043c\u043e\u043c\u0435\u043d\u0442\u0430 \u0431\u0440\u043e\u043d\u0438\u0440\u043e\u0432\u0430\u043d\u0438\u044f, \u0432 \u043f\u0440\u043e\u0442\u0438\u0432\u043d\u043e\u043c \u0441\u043b\u0443\u0447\u0430\u0435 \u0431\u0440\u043e\u043d\u044c \u043f\u043e\u0442\u0435\u0440\u044f\u0435\u0442 \u0441\u0432\u043e\u044e \u0441\u0438\u043b\u0443.<br \/>\u041c\u044b \u043d\u0435 \u0432\u043e\u0437\u0432\u0440\u0430\u0449\u0430\u0435\u043c \u043f\u043b\u0430\u0442\u0443 \u0437\u0430 \u0431\u0440\u043e\u043d\u0438\u0440\u043e\u0432\u0430\u043d\u0438\u0435 \u0432 \u0441\u043b\u0443\u0447\u0430\u0435 \u0435\u0433\u043e \u043e\u0442\u043c\u0435\u043d\u044b.<br \/>\u041f\u0440\u0438 \u043f\u0440\u0435\u0434\u043e\u043f\u043b\u0430\u0442\u0435 \u0431\u0430\u043d\u043a\u043e\u0432\u0441\u043a\u0438\u043c \u043f\u0435\u0440\u0435\u0432\u043e\u0434\u043e\u043c \u0432 \u043f\u043e\u044f\u0441\u043d\u0435\u043d\u0438\u0438 \u043a \u043e\u043f\u043b\u0430\u0442\u0435 \u0443\u043a\u0430\u0436\u0438\u0442\u0435 \u0438\u043c\u044f \u0438\u043c\u0435\u043d\u0438\u043d\u043d\u0438\u043a\u0430, \u0434\u0430\u0442\u0443 \u0438 \u0432\u0440\u0435\u043c\u044f \u043c\u0435\u0440\u043e\u043f\u0440\u0438\u044f\u0442\u0438\u044f.<br \/><strong>TitTalino O\u00dc,\u00a0EE051010220301033229<\/strong><br \/><strong>\u041f\u043e\u044f\u0441\u043d\u0435\u043d\u0438\u0435: \u00ab\u0414\u0430\u0442\u0430\u00bb, \u00ab\u0412\u0440\u0435\u043c\u044f\u00bb, \u00ab\u0418\u043c\u044f\u00bb.<\/strong><\/p><p>\u041e\u043a\u043e\u043d\u0447\u0430\u0442\u0435\u043b\u044c\u043d\u0430\u044f \u043e\u043f\u043b\u0430\u0442\u0430 \u043f\u0440\u043e\u0438\u0437\u0432\u043e\u0434\u0438\u0442\u0441\u044f \u043d\u0430 \u043c\u0435\u0441\u0442\u0435 \u043d\u0430\u043b\u0438\u0447\u043d\u044b\u043c\u0438 \u043f\u0435\u0440\u0435\u0434 \u043c\u0435\u0440\u043e\u043f\u0440\u0438\u044f\u0442\u0438\u0435\u043c \u0438\u043b\u0438 \u0431\u0430\u043d\u043a\u043e\u0432\u0441\u043a\u0438\u043c \u043f\u0435\u0440\u0435\u0432\u043e\u0434\u043e\u043c \u0434\u043e \u043d\u0430\u0447\u0430\u043b\u0430 \u043c\u0435\u0440\u043e\u043f\u0440\u0438\u044f\u0442\u0438\u044f.<\/p><p>\u0415\u0441\u043b\u0438 \u0435\u0441\u0442\u044c \u0441\u0432\u043e\u0431\u043e\u0434\u043d\u043e\u0435 \u0432\u0440\u0435\u043c\u044f, \u043c\u043e\u0436\u043d\u043e \u043f\u0435\u0440\u0435\u043d\u0435\u0441\u0442\u0438 \u0438\u043b\u0438 \u043f\u0440\u043e\u0434\u043b\u0438\u0442\u044c \u0432\u0440\u0435\u043c\u044f \u043f\u0440\u0430\u0437\u0434\u043d\u0438\u043a\u0430 \u043f\u043e \u0432\u0430\u0448\u0435\u043c\u0443 \u0436\u0435\u043b\u0430\u043d\u0438\u044e. \u0415\u0441\u043b\u0438 \u0432\u044b \u0445\u043e\u0442\u0438\u0442\u0435 \u0438\u0437\u043c\u0435\u043d\u0438\u0442\u044c \u0432\u0440\u0435\u043c\u044f \u0438\u043b\u0438 \u0434\u043e\u0431\u0430\u0432\u0438\u0442\u044c \u0434\u043e\u043f\u043e\u043b\u043d\u0438\u0442\u0435\u043b\u044c\u043d\u044b\u0439 \u0447\u0430\u0441, \u043e\u0442\u043f\u0440\u0430\u0432\u044c\u0442\u0435 \u044d\u043b\u0435\u043a\u0442\u0440\u043e\u043d\u043d\u043e\u0435 \u043f\u0438\u0441\u044c\u043c\u043e \u043d\u0430 \u0430\u0434\u0440\u0435\u0441 <strong>tittalino2024@gmail.com<\/strong> (\u043c\u044b \u043f\u0440\u043e\u0432\u0435\u0440\u0438\u043c \u0438 \u0441\u043e\u043e\u0431\u0449\u0438\u043c \u0432\u0430\u043c \u043e \u0432\u043e\u0437\u043c\u043e\u0436\u043d\u043e\u0441\u0442\u044f\u0445)<br \/><strong>\u0414\u043e\u043f\u043e\u043b\u043d\u0438\u0442\u0435\u043b\u044c\u043d\u0430\u044f \u0438\u043d\u0444\u043e\u0440\u043c\u0430\u0446\u0438\u044f \u043e \u0431\u0440\u043e\u043d\u0438\u0440\u043e\u0432\u0430\u043d\u0438\u0438: \u0442\u0435\u043b 5863 2091<\/strong><\/p>\t\t\t\t\t\t<\/div>\n\t\t\t\t<\/div>\n\t\t\t\t<\/div>\n\t\t\t\t<div class=\"elementor-element elementor-element-a6a98b7 elementor-widget elementor-widget-heading\" data-id=\"a6a98b7\" data-element_type=\"widget\" data-widget_type=\"heading.default\">\n\t\t\t\t<div class=\"elementor-widget-container\">\n\t\t\t<span class=\"elementor-heading-title elementor-size-default\">TitTalino<\/span>\t\t<\/div>\n\t\t\t\t<\/div>\n\t\t\t\t<\/div>\n\t\t<div class=\"elementor-element elementor-element-329e5c04 e-con-full e-flex e-con e-child\" data-id=\"329e5c04\" data-element_type=\"container\" data-settings=\"{&quot;background_background&quot;:&quot;classic&quot;,&quot;content_width&quot;:&quot;full&quot;}\">\n\t\t\t\t<\/div>\n\t\t\t\t<\/div>\n\t\t<div class=\"elementor-element elementor-element-48f7269 e-flex e-con-boxed e-con e-parent\" data-id=\"48f7269\" data-element_type=\"container\" data-settings=\"{&quot;content_width&quot;:&quot;boxed&quot;}\" data-core-v316-plus=\"true\">\n\t\t\t\t\t<div class=\"e-con-inner\">\n\t\t\t\t<div class=\"elementor-element elementor-element-c8b0030 elementor-widget elementor-widget-spacer\" data-id=\"c8b0030\" data-element_type=\"widget\" data-widget_type=\"spacer.default\">\n\t\t\t\t<div class=\"elementor-widget-container\">\n\t\t\t<style>\/*! elementor - v3.19.0 - 07-02-2024 *\/\n.elementor-column .elementor-spacer-inner{height:var(--spacer-size)}.e-con{--container-widget-width:100%}.e-con-inner>.elementor-widget-spacer,.e-con>.elementor-widget-spacer{width:var(--container-widget-width,var(--spacer-size));--align-self:var(--container-widget-align-self,initial);--flex-shrink:0}.e-con-inner>.elementor-widget-spacer>.elementor-widget-container,.e-con>.elementor-widget-spacer>.elementor-widget-container{height:100%;width:100%}.e-con-inner>.elementor-widget-spacer>.elementor-widget-container>.elementor-spacer,.e-con>.elementor-widget-spacer>.elementor-widget-container>.elementor-spacer{height:100%}.e-con-inner>.elementor-widget-spacer>.elementor-widget-container>.elementor-spacer>.elementor-spacer-inner,.e-con>.elementor-widget-spacer>.elementor-widget-container>.elementor-spacer>.elementor-spacer-inner{height:var(--container-widget-height,var(--spacer-size))}.e-con-inner>.elementor-widget-spacer.elementor-widget-empty,.e-con>.elementor-widget-spacer.elementor-widget-empty{position:relative;min-height:22px;min-width:22px}.e-con-inner>.elementor-widget-spacer.elementor-widget-empty .elementor-widget-empty-icon,.e-con>.elementor-widget-spacer.elementor-widget-empty .elementor-widget-empty-icon{position:absolute;top:0;bottom:0;left:0;right:0;margin:auto;padding:0;width:22px;height:22px}<\/style>\t\t<div class=\"elementor-spacer\">\n\t\t\t<div class=\"elementor-spacer-inner\"><\/div>\n\t\t<\/div>\n\t\t\t\t<\/div>\n\t\t\t\t<\/div>\n\t\t\t\t<div class=\"elementor-element elementor-element-1c1acf9 elementor-widget-tablet__width-initial elementor-widget-mobile__width-initial elementor-widget elementor-widget-shortcode\" data-id=\"1c1acf9\" data-element_type=\"widget\" data-widget_type=\"shortcode.default\">\n\t\t\t\t<div class=\"elementor-widget-container\">\n\t\t\t\t\t<div class=\"elementor-shortcode\"> <div id=\"form_id468841620192\"  class=\"wpbc_container wpbc_container_booking_form  wpdevelop\" ><form  id=\"booking_form1\"   class=\"booking_form vertical\" method=\"post\" action=\"\" data-trp-original-action=\"\"><div id=\"ajax_respond_insert1\" class=\"ajax_respond_insert\" style=\"display:none;\"><\/div><a name=\"bklnk1\" id=\"bklnk1\"><\/a><div id=\"booking_form_div1\" class=\"booking_form_div\"><div class=\"wpbc_booking_form_structure wpbc_form_right\">\n  <div class=\"wpbc_structure_calendar\">\n    <div class=\"wpbc_calendar_wraper wpbc_change_over_triangle\"><div class=\"bk_calendar_frame wpbc_no_custom_width  months_num_in_row_ cal_month_num_1 wpbc_timeslot_day_bg_as_available\" style=\"\"><div id=\"calendar_booking1\">\u041a\u0430\u043b\u0435\u043d\u0434\u0430\u0440\u044c \u0437\u0430\u0433\u0440\u0443\u0436\u0430\u0435\u0442\u0441\u044f...<\/div><\/div><div style=\"font-size:7px;text-align:left;margin:0 0 10px;text-shadow: none;\">Powered by <a href=\"https:\/\/wpbookingcalendar.com\" target=\"_blank\" title=\"Booking Calendar plugin for WordPress\">Booking Calendar<\/a><\/div><textarea id=\"date_booking1\" name=\"date_booking1\" autocomplete=\"off\" style=\"display:none;\"><\/textarea><div class=\"block_hints datepick\"><\/div><\/div>\n  <\/div>\n  <div class=\"wpbc_structure_form\">\n  <div class=\"form-group wpbc-form-element-select wpbc-form-element-rangetime\">  <label for=\"rangetime1\" class=\"control-label\">\u0412\u044b\u0431\u0435\u0440\u0438\u0442\u0435 \u0432\u0440\u0435\u043c\u044f*:<\/label>   <div class=\"controls\">   <select name=\"rangetime1\" id=\"rangetime1\" class=\"input-xlarge wpdev-validates-as-required\" >  <option value=\"10:00 - 13:00\" >10:00 - 13:00<\/option>  <option value=\"14:00 - 17:00\" >14:00 - 17:00<\/option>  <option value=\"18:00 - 21:00\" >18:00 - 21:00<\/option>     <\/select><\/div><\/div>  <div class=\"form-group wpbc-form-element-text wpbc-form-element-name\">  <label for=\"name1\" class=\"control-label\">\u0418\u043c\u044f*:<\/label>   <div class=\"controls\">   <input type=\"text\" name=\"name1\" id=\"name1\" class=\"input-xlarge wpdev-validates-as-required\" \/><\/div><\/div>  <div class=\"form-group wpbc-form-element-text wpbc-form-element-secondname\">  <label for=\"secondname1\" class=\"control-label\">\u0424\u0430\u043c\u0438\u043b\u0438\u044f*:<\/label>   <div class=\"controls\">   <input type=\"text\" name=\"secondname1\" id=\"secondname1\" class=\"input-xlarge wpdev-validates-as-required\" \/><\/div><\/div>  <div class=\"form-group wpbc-form-element-email wpbc-form-element-email\">  <label for=\"email1\" class=\"control-label\">\u042d\u043b\u0435\u043a\u0442\u0440\u043e\u043d\u043d\u0430\u044f \u043f\u043e\u0447\u0442\u0430*:<\/label>   <div class=\"controls\">   <input type=\"text\" name=\"email1\" id=\"email1\" class=\"input-xlarge wpdev-validates-as-email wpdev-validates-as-required wpdev-validates-as-required\" \/><\/div><\/div>  <div class=\"form-group wpbc-form-element-text wpbc-form-element-phone\">  <label for=\"phone1\" class=\"control-label\">\u0422\u0435\u043b\u0435\u0444\u043e\u043d*:<\/label>   <div class=\"controls\">   <input type=\"text\" name=\"phone1\" id=\"phone1\" class=\"input-xlarge wpdev-validates-as-required\" \/><\/div><\/div>  <div class=\"form-group wpbc-form-element-text wpbc-form-element-lapsenimi\">  <label for=\"lapsenimi1\" class=\"control-label\">\u0418\u043c\u044f \u0440\u0435\u0431\u0435\u043d\u043a\u0430*:<\/label>   <div class=\"controls\">   <input type=\"text\" name=\"lapsenimi1\" id=\"lapsenimi1\" class=\"input-xlarge wpdev-validates-as-required\" \/><\/div><\/div>  <div class=\"form-group wpbc-form-element-text wpbc-form-element-lapsevanus\">  <label for=\"lapsevanus1\" class=\"control-label\">\u0412\u043e\u0437\u0440\u0430\u0441\u0442 \u0440\u0435\u0431\u0435\u043d\u043a\u0430*:<\/label>   <div class=\"controls\">   <input type=\"text\" name=\"lapsevanus1\" id=\"lapsevanus1\" class=\"input-xlarge wpdev-validates-as-required\" \/><\/div><\/div><div class=\"form-group\"><span class=\"wpbc_text_captcha_container\"><input  autocomplete=\"off\" type=\"hidden\" name=\"wpdev_captcha_challenge_1\"  id=\"wpdev_captcha_challenge_1\" value=\"962308270\" \/><input  autocomplete=\"off\" type=\"text\" class=\"captachinput\" value=\"\" name=\"captcha_input1\" id=\"captcha_input1\" \/><img decoding=\"async\" class=\"captcha_img\"  id=\"captcha_img1\" alt=\"captcha\" src=\"https:\/\/tittalino.ee\/wp-content\/plugins\/booking\/js\/captcha\/tmp\/962308270.png\" \/><\/span><\/div>\n<div class=\"form-group\"><button class=\"wpbc_button_light\" type=\"button\" onclick=\"mybooking_submit(this.form,1,'ru_RU');\" >\u0417\u0430\u0431\u0440\u043e\u043d\u0438\u0440\u043e\u0432\u0430\u0442\u044c<\/button><\/div>\n  <\/div>\n<\/div>\n<div class=\"wpbc_booking_form_footer\"><\/div><input id=\"bk_type1\" name=\"bk_type1\" class=\"\" type=\"hidden\" value=\"1\" \/><\/div><div id=\"submiting1\"><\/div><div class=\"form_bk_messages\" id=\"form_bk_messages1\" ><\/div><input type=\"hidden\" id=\"wpbc_nonceCALCULATE_THE_COST1\" name=\"wpbc_nonceCALCULATE_THE_COST1\" value=\"759f57b563\" \/><input type=\"hidden\" name=\"_wp_http_referer\" value=\"\/ru\/wp-json\/wp\/v2\/pages\/25\" \/><input type=\"hidden\" name=\"trp-form-language\" value=\"ru\"\/><\/form><\/div><div id=\"booking_form_garbage1\" class=\"booking_form_garbage\"><\/div><script type=\"text\/javascript\">\n                                jQuery(document).ready( function(){\n                                    jQuery(\".widget_wpdev_booking .booking_form.form-horizontal\").removeClass(\"form-horizontal\");\n                                    var visible_booking_id_on_page_num = visible_booking_id_on_page.length;\n                                    if (visible_booking_id_on_page_num !== null ) {\n                                        for (var i=0;i< visible_booking_id_on_page_num ;i++){\n                                          if ( visible_booking_id_on_page[i]==\"booking_form_div1\" ) {\n                                              document.getElementById(\"form_id468841620192\").innerHTML = \"<span style='color:#A00;font-size:10px;'>\u0412\u043d\u0438\u043c\u0430\u043d\u0438\u0435! \u041a\u0430\u043b\u0435\u043d\u0434\u0430\u0440\u044c \u0431\u0440\u043e\u043d\u0438\u0440\u043e\u0432\u0430\u043d\u0438\u044f \u0443\u0436\u0435 \u0441\u0443\u0449\u0435\u0441\u0442\u0432\u0443\u0435\u0442 \u043d\u0430 \u044d\u0442\u043e\u0439 \u0441\u0442\u0440\u0430\u043d\u0438\u0446\u0435, \u043f\u043e\u0436\u0430\u043b\u0443\u0439\u0441\u0442\u0430, \u043f\u0440\u043e\u0447\u0438\u0442\u0430\u0439\u0442\u0435 \u0431\u043e\u043b\u044c\u0448\u0435 \u043e\u0431 \u044d\u0442\u043e\u0439 \u043f\u0440\u043e\u0431\u043b\u0435\u043c\u0435 \u043d\u0430 \u044d\u0442\u043e\u0439 \u0441\u0442\u0440\u0430\u043d\u0438\u0446\u0435: https:\/\/wpbookingcalendar.com\/faq\/why-the-booking-calendar-widget-not-show-on-page\/<\/span>\";                                                                                                  \n                                              jQuery(\"#form_id468841620192\").animate( {opacity: 1}, 10000 ).fadeOut(5000);\n                                              return;\n                                          }\n                                        }\n                                        visible_booking_id_on_page[ visible_booking_id_on_page_num ]=\"booking_form_div1\";\n                                    }\n                                });\n                            <\/script> <script type='text\/javascript'> jQuery(document).ready( function(){  _wpbc.balancer__set_max_threads( 3 );  _wpbc.calendar__set_param_value( 1 , 'calendar_scroll_to' , false );  _wpbc.calendar__set_param_value( 1 , 'booking_max_monthes_in_calendar' , '1y' );  _wpbc.calendar__set_param_value( 1 , 'booking_start_day_weeek' , '1' );  _wpbc.calendar__set_param_value( 1 , 'calendar_number_of_months' , '1' );   _wpbc.calendar__set_param_value( 1, 'days_select_mode', 'single' );   _wpbc.calendar__set_param_value( 1, 'fixed__days_num', 0 );   _wpbc.calendar__set_param_value( 1, 'fixed__week_days__start',   [] );   _wpbc.calendar__set_param_value( 1, 'dynamic__days_min', 0 );   _wpbc.calendar__set_param_value( 1, 'dynamic__days_max', 0 );   _wpbc.calendar__set_param_value( 1, 'dynamic__days_specific',    [] );   _wpbc.calendar__set_param_value( 1, 'dynamic__week_days__start', [] );   _wpbc.calendar__set_param_value( 1, 'booking_date_format', 'd\/m\/Y' );   _wpbc.calendar__set_param_value( 1, 'booking_time_format', 'H:i' );  _wpbc.set_other_param( 'message_dates_times_unavailable', 'These dates and times in this calendar are already booked or unavailable.' );  _wpbc.set_other_param( 'message_choose_alternative_dates', 'Please choose alternative date(s), times, or adjust the number of slots booked.' );  _wpbc.set_other_param( 'message_cannot_save_in_one_resource', 'It is not possible to store this sequence of the dates into the one same resource.' );   if ( 'function' === typeof ( wpbc__conditions__SAVE_INITIAL__days_selection_params__bm ) ){ wpbc__conditions__SAVE_INITIAL__days_selection_params__bm( 1 ); }   wpbc_calendar_show( '1' );   _wpbc.set_secure_param( 'nonce',   'dbc7ca80c7' );   _wpbc.set_secure_param( 'user_id', '0' );   _wpbc.set_secure_param( 'locale',  'ru_RU' );  wpbc_calendar__load_data__ajx( {\"resource_id\":1,\"booking_hash\":\"\",\"request_uri\":\"\\\/ru\\\/wp-json\\\/wp\\\/v2\\\/pages\\\/25\",\"custom_form\":\"standard\",\"aggregate_resource_id_str\":\"\",\"aggregate_type\":\"all\"} );  } ); <\/script><\/div>\n\t\t\t\t<\/div>\n\t\t\t\t<\/div>\n\t\t\t\t\t<\/div>\n\t\t\t\t<\/div>\n\t\t\t\t<\/div>","protected":false},"excerpt":{"rendered":"<p>Broneerimine \u00a0 Broneerimistasu on 40 euro , mis arvestatakse maha s\u00fcnnip\u00e4eva kogumaksumusest ning mille palume tasuda 24 tunni jooksul m\u00e4ngutoa arveldusarvele, vastasel juhul kaotab broneering kehtivuse.Broneerimistasu me loobumise korral ei tagasta.Makstes ettemaksu \u00fclekandega, palun kirjutage makse selgitusse s\u00fcnnip\u00e4evalapse eesnimi, \u00fcrituse toimumise kuup\u00e4ev ja kellaaeg.TitTalino O\u00dc,\u00a0EE051010220301033229Selgitus: \u00abKuup\u00e4ev\u00bb, \u00abAeg\u00bb, \u00abEesnimi\u00bb. L\u00f5plik maksmine toimub kohapeal sularahas, enne \u00fcrituse [&hellip;]<\/p>","protected":false},"author":1,"featured_media":0,"parent":0,"menu_order":0,"comment_status":"closed","ping_status":"closed","template":"elementor_header_footer","meta":{"footnotes":""},"class_list":["post-25","page","type-page","status-publish","hentry"],"_links":{"self":[{"href":"https:\/\/tittalino.ee\/ru\/wp-json\/wp\/v2\/pages\/25","targetHints":{"allow":["GET"]}}],"collection":[{"href":"https:\/\/tittalino.ee\/ru\/wp-json\/wp\/v2\/pages"}],"about":[{"href":"https:\/\/tittalino.ee\/ru\/wp-json\/wp\/v2\/types\/page"}],"author":[{"embeddable":true,"href":"https:\/\/tittalino.ee\/ru\/wp-json\/wp\/v2\/users\/1"}],"replies":[{"embeddable":true,"href":"https:\/\/tittalino.ee\/ru\/wp-json\/wp\/v2\/comments?post=25"}],"version-history":[{"count":55,"href":"https:\/\/tittalino.ee\/ru\/wp-json\/wp\/v2\/pages\/25\/revisions"}],"predecessor-version":[{"id":1051,"href":"https:\/\/tittalino.ee\/ru\/wp-json\/wp\/v2\/pages\/25\/revisions\/1051"}],"wp:attachment":[{"href":"https:\/\/tittalino.ee\/ru\/wp-json\/wp\/v2\/media?parent=25"}],"curies":[{"name":"wp","href":"https:\/\/api.w.org\/{rel}","templated":true}]}}